{"id":5426,"date":"2021-12-20T00:19:54","date_gmt":"2021-12-20T00:19:54","guid":{"rendered":"https:\/\/nuevo.servinfo.com.uy\/sitio\/?page_id=5426"},"modified":"2022-01-27T00:07:38","modified_gmt":"2022-01-27T00:07:38","slug":"partner-tecnologico-de-proyectos-innovadores","status":"publish","type":"page","link":"https:\/\/servinfo.com.uy\/index.php\/partner-tecnologico-de-proyectos-innovadores\/","title":{"rendered":"Partner tecnol\u00f3gico de proyectos innovadores"},"content":{"rendered":"\t\t<div data-elementor-type=\"wp-page\" data-elementor-id=\"5426\" class=\"elementor elementor-5426\">\n\t\t\t\t\t\t<section class=\"elementor-section elementor-top-section elementor-element elementor-element-6163dc2 ot-traditional elementor-section-boxed elementor-section-height-default elementor-section-height-default\" data-id=\"6163dc2\" data-element_type=\"section\">\n\t\t\t\t\t\t<div class=\"elementor-container elementor-column-gap-default\">\n\t\t\t\t\t<div class=\"elementor-column elementor-col-100 elementor-top-column elementor-element elementor-element-bf054fb ot-flex-column-vertical\" data-id=\"bf054fb\" data-element_type=\"column\">\n\t\t\t<div class=\"elementor-widget-wrap elementor-element-populated\">\n\t\t\t\t\t\t<div class=\"elementor-element elementor-element-0cda340 elementor-widget elementor-widget-heading\" data-id=\"0cda340\" data-element_type=\"widget\" data-widget_type=\"heading.default\">\n\t\t\t\t<div class=\"elementor-widget-container\">\n\t\t\t\t\t<h3 class=\"elementor-heading-title elementor-size-default\">Funcionamos de forma similar a una incubadora, donde han crecido ideas, se desarrollaron proyectos de innovaci\u00f3n y luego se crearon empresas independientes especializadas en sectores espec\u00edficos.<\/h3>\t\t\t\t<\/div>\n\t\t\t\t<\/div>\n\t\t\t\t\t<\/div>\n\t\t<\/div>\n\t\t\t\t\t<\/div>\n\t\t<\/section>\n\t\t\t\t<section class=\"elementor-section elementor-top-section elementor-element elementor-element-7f3cbd8 elementor-section-content-middle ot-traditional elementor-section-boxed elementor-section-height-default elementor-section-height-default\" data-id=\"7f3cbd8\" data-element_type=\"section\" data-settings=\"{&quot;background_background&quot;:&quot;classic&quot;}\">\n\t\t\t\t\t\t<div class=\"elementor-container elementor-column-gap-extended\">\n\t\t\t\t\t<div class=\"elementor-column elementor-col-50 elementor-top-column elementor-element elementor-element-9fc2569 ot-flex-column-vertical\" data-id=\"9fc2569\" data-element_type=\"column\">\n\t\t\t<div class=\"elementor-widget-wrap elementor-element-populated\">\n\t\t\t\t\t\t<div class=\"elementor-element elementor-element-925ee15 elementor-widget elementor-widget-iheading\" data-id=\"925ee15\" data-element_type=\"widget\" data-widget_type=\"iheading.default\">\n\t\t\t\t<div class=\"elementor-widget-container\">\n\t\t\t\t\t\t\t<div class=\"ot-heading\">\r\n\t        <h2 class=\"main-heading\">mUUcontrol<\/h2>\t    <\/div>\r\n\t    \t\t\t\t<\/div>\n\t\t\t\t<\/div>\n\t\t\t\t<div class=\"elementor-element elementor-element-5f326aa elementor-widget elementor-widget-text-editor\" data-id=\"5f326aa\" data-element_type=\"widget\" data-widget_type=\"text-editor.default\">\n\t\t\t\t<div class=\"elementor-widget-container\">\n\t\t\t\t\t\t\t\t\t<p><span style=\"font-weight: 400;\">Tecnolog\u00eda aplicada al agro:<\/span><\/p><ul><li style=\"font-weight: 400;\" aria-level=\"1\"><span style=\"font-weight: 400;\">Gesti\u00f3n y ubicaci\u00f3n de ganado en tiempo real mediante la utilizaci\u00f3n de caravanas inteligentes<\/span><\/li><li style=\"font-weight: 400;\" aria-level=\"1\"><span style=\"font-weight: 400;\">Alertas ante situaciones anormales<\/span><\/li><li style=\"font-weight: 400;\" aria-level=\"1\"><span style=\"font-weight: 400;\">Sensores de control de nivel de bebederos<\/span><\/li><li style=\"font-weight: 400;\" aria-level=\"1\"><span style=\"font-weight: 400;\">Control de funcionamiento de alambrado el\u00e9ctrico<\/span><\/li><\/ul><p><a href=\"https:\/\/muucontrol.com\/\"><span style=\"font-weight: 400;\">muucontrol.com<\/span><\/a><\/p>\t\t\t\t\t\t\t\t<\/div>\n\t\t\t\t<\/div>\n\t\t\t\t\t<\/div>\n\t\t<\/div>\n\t\t\t\t<div class=\"elementor-column elementor-col-50 elementor-top-column elementor-element elementor-element-7564da8 ot-flex-column-vertical\" data-id=\"7564da8\" data-element_type=\"column\" data-settings=\"{&quot;background_background&quot;:&quot;classic&quot;}\">\n\t\t\t<div class=\"elementor-widget-wrap elementor-element-populated\">\n\t\t\t\t\t\t<div class=\"elementor-element elementor-element-1a7a8f9 elementor-widget elementor-widget-image\" data-id=\"1a7a8f9\" data-element_type=\"widget\" data-widget_type=\"image.default\">\n\t\t\t\t<div class=\"elementor-widget-container\">\n\t\t\t\t\t\t\t\t\t\t\t\t\t\t\t<img fetchpriority=\"high\" decoding=\"async\" width=\"1024\" height=\"604\" src=\"https:\/\/servinfo.com.uy\/wp-content\/uploads\/2022\/01\/Tecnologia-Aplicada-Al-Agro-1024x604.jpg\" class=\"attachment-large size-large wp-image-5871\" alt=\"\" srcset=\"https:\/\/servinfo.com.uy\/wp-content\/uploads\/2022\/01\/Tecnologia-Aplicada-Al-Agro-1024x604.jpg 1024w, https:\/\/servinfo.com.uy\/wp-content\/uploads\/2022\/01\/Tecnologia-Aplicada-Al-Agro-300x177.jpg 300w, https:\/\/servinfo.com.uy\/wp-content\/uploads\/2022\/01\/Tecnologia-Aplicada-Al-Agro-768x453.jpg 768w, https:\/\/servinfo.com.uy\/wp-content\/uploads\/2022\/01\/Tecnologia-Aplicada-Al-Agro-1536x907.jpg 1536w, https:\/\/servinfo.com.uy\/wp-content\/uploads\/2022\/01\/Tecnologia-Aplicada-Al-Agro-720x425.jpg 720w, https:\/\/servinfo.com.uy\/wp-content\/uploads\/2022\/01\/Tecnologia-Aplicada-Al-Agro.jpg 1884w\" sizes=\"(max-width: 1024px) 100vw, 1024px\" \/>\t\t\t\t\t\t\t\t\t\t\t\t\t\t\t<\/div>\n\t\t\t\t<\/div>\n\t\t\t\t\t<\/div>\n\t\t<\/div>\n\t\t\t\t\t<\/div>\n\t\t<\/section>\n\t\t\t\t<section class=\"elementor-section elementor-top-section elementor-element elementor-element-66341d9 elementor-section-content-middle elementor-reverse-mobile ot-traditional elementor-section-boxed elementor-section-height-default elementor-section-height-default\" data-id=\"66341d9\" data-element_type=\"section\" data-settings=\"{&quot;background_background&quot;:&quot;classic&quot;}\">\n\t\t\t\t\t\t<div class=\"elementor-container elementor-column-gap-extended\">\n\t\t\t\t\t<div class=\"elementor-column elementor-col-50 elementor-top-column elementor-element elementor-element-70facc4 ot-flex-column-vertical\" data-id=\"70facc4\" data-element_type=\"column\">\n\t\t\t<div class=\"elementor-widget-wrap elementor-element-populated\">\n\t\t\t\t\t\t<div class=\"elementor-element elementor-element-7935b24 elementor-widget elementor-widget-image\" data-id=\"7935b24\" data-element_type=\"widget\" data-widget_type=\"image.default\">\n\t\t\t\t<div class=\"elementor-widget-container\">\n\t\t\t\t\t\t\t\t\t\t\t\t\t\t\t<img decoding=\"async\" width=\"1024\" height=\"471\" src=\"https:\/\/servinfo.com.uy\/wp-content\/uploads\/2022\/01\/InteligenciaArtificailAplicadaaEscenariosReales-1024x471.jpg\" class=\"attachment-large size-large wp-image-5872\" alt=\"\" srcset=\"https:\/\/servinfo.com.uy\/wp-content\/uploads\/2022\/01\/InteligenciaArtificailAplicadaaEscenariosReales-1024x471.jpg 1024w, https:\/\/servinfo.com.uy\/wp-content\/uploads\/2022\/01\/InteligenciaArtificailAplicadaaEscenariosReales-300x138.jpg 300w, https:\/\/servinfo.com.uy\/wp-content\/uploads\/2022\/01\/InteligenciaArtificailAplicadaaEscenariosReales-768x353.jpg 768w, https:\/\/servinfo.com.uy\/wp-content\/uploads\/2022\/01\/InteligenciaArtificailAplicadaaEscenariosReales-1536x707.jpg 1536w, https:\/\/servinfo.com.uy\/wp-content\/uploads\/2022\/01\/InteligenciaArtificailAplicadaaEscenariosReales-2048x942.jpg 2048w, https:\/\/servinfo.com.uy\/wp-content\/uploads\/2022\/01\/InteligenciaArtificailAplicadaaEscenariosReales-720x331.jpg 720w\" sizes=\"(max-width: 1024px) 100vw, 1024px\" \/>\t\t\t\t\t\t\t\t\t\t\t\t\t\t\t<\/div>\n\t\t\t\t<\/div>\n\t\t\t\t\t<\/div>\n\t\t<\/div>\n\t\t\t\t<div class=\"elementor-column elementor-col-50 elementor-top-column elementor-element elementor-element-17c4ede ot-flex-column-vertical\" data-id=\"17c4ede\" data-element_type=\"column\" data-settings=\"{&quot;background_background&quot;:&quot;classic&quot;}\">\n\t\t\t<div class=\"elementor-widget-wrap elementor-element-populated\">\n\t\t\t\t\t\t<div class=\"elementor-element elementor-element-eb35fc9 elementor-widget elementor-widget-iheading\" data-id=\"eb35fc9\" data-element_type=\"widget\" data-widget_type=\"iheading.default\">\n\t\t\t\t<div class=\"elementor-widget-container\">\n\t\t\t\t\t\t\t<div class=\"ot-heading\">\r\n\t        <h2 class=\"main-heading\">MVD Analytics<\/h2>\t    <\/div>\r\n\t    \t\t\t\t<\/div>\n\t\t\t\t<\/div>\n\t\t\t\t<div class=\"elementor-element elementor-element-4e4a532 elementor-widget elementor-widget-text-editor\" data-id=\"4e4a532\" data-element_type=\"widget\" data-widget_type=\"text-editor.default\">\n\t\t\t\t<div class=\"elementor-widget-container\">\n\t\t\t\t\t\t\t\t\t<p><span style=\"font-weight: 400;\">Inteligencia artificial aplicada a escenarios reales:<\/span><\/p><ul><li style=\"font-weight: 400;\" aria-level=\"1\"><span style=\"font-weight: 400;\">Detecci\u00f3n de armas en circuitos cerrados de video<\/span><\/li><li style=\"font-weight: 400;\" aria-level=\"1\"><span style=\"font-weight: 400;\">Control de distanciamiento social<\/span><\/li><li style=\"font-weight: 400;\" aria-level=\"1\"><span style=\"font-weight: 400;\">Detector de utilizaci\u00f3n de m\u00e1scara facial<\/span><\/li><\/ul><p><a href=\"https:\/\/mvdanalytics.com\/\">mvdanalytics.com<\/a><\/p>\t\t\t\t\t\t\t\t<\/div>\n\t\t\t\t<\/div>\n\t\t\t\t\t<\/div>\n\t\t<\/div>\n\t\t\t\t\t<\/div>\n\t\t<\/section>\n\t\t\t\t<\/div>\n\t\t","protected":false},"excerpt":{"rendered":"<p>Funcionamos de forma similar a una incubadora, donde han crecido ideas, se desarrollaron proyectos de innovaci\u00f3n y luego se crearon empresas independientes especializadas en sectores espec\u00edficos. mUUcontrol Tecnolog\u00eda aplicada al agro: Gesti\u00f3n y ubicaci\u00f3n de ganado en tiempo real mediante la utilizaci\u00f3n de caravanas inteligentes Alertas ante situaciones anormales Sensores de control de nivel de [&hellip;]<\/p>\n","protected":false},"author":1,"featured_media":0,"parent":0,"menu_order":0,"comment_status":"closed","ping_status":"closed","template":"","meta":{"footnotes":""},"class_list":["post-5426","page","type-page","status-publish","hentry"],"yoast_head":"<!-- This site is optimized with the Yoast SEO plugin v27.3 - https:\/\/yoast.com\/product\/yoast-seo-wordpress\/ -->\n<title>Partner tecnol\u00f3gico de proyectos innovadores - Servinfo<\/title>\n<meta name=\"robots\" content=\"index, follow, max-snippet:-1, max-image-preview:large, max-video-preview:-1\" \/>\n<link rel=\"canonical\" href=\"https:\/\/servinfo.com.uy\/index.php\/partner-tecnologico-de-proyectos-innovadores\/\" \/>\n<meta property=\"og:locale\" content=\"es_ES\" \/>\n<meta property=\"og:type\" content=\"article\" \/>\n<meta property=\"og:title\" content=\"Partner tecnol\u00f3gico de proyectos innovadores - Servinfo\" \/>\n<meta property=\"og:description\" content=\"Funcionamos de forma similar a una incubadora, donde han crecido ideas, se desarrollaron proyectos de innovaci\u00f3n y luego se crearon empresas independientes especializadas en sectores espec\u00edficos. mUUcontrol Tecnolog\u00eda aplicada al agro: Gesti\u00f3n y ubicaci\u00f3n de ganado en tiempo real mediante la utilizaci\u00f3n de caravanas inteligentes Alertas ante situaciones anormales Sensores de control de nivel de [&hellip;]\" \/>\n<meta property=\"og:url\" content=\"https:\/\/servinfo.com.uy\/index.php\/partner-tecnologico-de-proyectos-innovadores\/\" \/>\n<meta property=\"og:site_name\" content=\"Servinfo\" \/>\n<meta property=\"article:publisher\" content=\"https:\/\/www.facebook.com\/lidefoxsa.uruguay\" \/>\n<meta property=\"article:modified_time\" content=\"2022-01-27T00:07:38+00:00\" \/>\n<meta property=\"og:image\" content=\"https:\/\/servinfo.com.uy\/wp-content\/uploads\/2022\/01\/Tecnologia-Aplicada-Al-Agro-1024x604.png\" \/>\n<meta name=\"twitter:card\" content=\"summary_large_image\" \/>\n<meta name=\"twitter:site\" content=\"@ServinfoUruguay\" \/>\n<script type=\"application\/ld+json\" class=\"yoast-schema-graph\">{\"@context\":\"https:\\\/\\\/schema.org\",\"@graph\":[{\"@type\":\"WebPage\",\"@id\":\"https:\\\/\\\/servinfo.com.uy\\\/index.php\\\/partner-tecnologico-de-proyectos-innovadores\\\/\",\"url\":\"https:\\\/\\\/servinfo.com.uy\\\/index.php\\\/partner-tecnologico-de-proyectos-innovadores\\\/\",\"name\":\"Partner tecnol\u00f3gico de proyectos innovadores - Servinfo\",\"isPartOf\":{\"@id\":\"https:\\\/\\\/servinfo.com.uy\\\/#website\"},\"primaryImageOfPage\":{\"@id\":\"https:\\\/\\\/servinfo.com.uy\\\/index.php\\\/partner-tecnologico-de-proyectos-innovadores\\\/#primaryimage\"},\"image\":{\"@id\":\"https:\\\/\\\/servinfo.com.uy\\\/index.php\\\/partner-tecnologico-de-proyectos-innovadores\\\/#primaryimage\"},\"thumbnailUrl\":\"https:\\\/\\\/servinfo.com.uy\\\/wp-content\\\/uploads\\\/2022\\\/01\\\/Tecnologia-Aplicada-Al-Agro-1024x604.jpg\",\"datePublished\":\"2021-12-20T00:19:54+00:00\",\"dateModified\":\"2022-01-27T00:07:38+00:00\",\"breadcrumb\":{\"@id\":\"https:\\\/\\\/servinfo.com.uy\\\/index.php\\\/partner-tecnologico-de-proyectos-innovadores\\\/#breadcrumb\"},\"inLanguage\":\"es-UY\",\"potentialAction\":[{\"@type\":\"ReadAction\",\"target\":[\"https:\\\/\\\/servinfo.com.uy\\\/index.php\\\/partner-tecnologico-de-proyectos-innovadores\\\/\"]}]},{\"@type\":\"ImageObject\",\"inLanguage\":\"es-UY\",\"@id\":\"https:\\\/\\\/servinfo.com.uy\\\/index.php\\\/partner-tecnologico-de-proyectos-innovadores\\\/#primaryimage\",\"url\":\"https:\\\/\\\/servinfo.com.uy\\\/wp-content\\\/uploads\\\/2022\\\/01\\\/Tecnologia-Aplicada-Al-Agro.jpg\",\"contentUrl\":\"https:\\\/\\\/servinfo.com.uy\\\/wp-content\\\/uploads\\\/2022\\\/01\\\/Tecnologia-Aplicada-Al-Agro.jpg\",\"width\":1884,\"height\":1112},{\"@type\":\"BreadcrumbList\",\"@id\":\"https:\\\/\\\/servinfo.com.uy\\\/index.php\\\/partner-tecnologico-de-proyectos-innovadores\\\/#breadcrumb\",\"itemListElement\":[{\"@type\":\"ListItem\",\"position\":1,\"name\":\"Home\",\"item\":\"https:\\\/\\\/servinfo.com.uy\\\/\"},{\"@type\":\"ListItem\",\"position\":2,\"name\":\"Partner tecnol\u00f3gico de proyectos innovadores\"}]},{\"@type\":\"WebSite\",\"@id\":\"https:\\\/\\\/servinfo.com.uy\\\/#website\",\"url\":\"https:\\\/\\\/servinfo.com.uy\\\/\",\"name\":\"Servinfo\",\"description\":\"Soluciones Tecnol\u00f3gicas\",\"publisher\":{\"@id\":\"https:\\\/\\\/servinfo.com.uy\\\/#organization\"},\"potentialAction\":[{\"@type\":\"SearchAction\",\"target\":{\"@type\":\"EntryPoint\",\"urlTemplate\":\"https:\\\/\\\/servinfo.com.uy\\\/?s={search_term_string}\"},\"query-input\":{\"@type\":\"PropertyValueSpecification\",\"valueRequired\":true,\"valueName\":\"search_term_string\"}}],\"inLanguage\":\"es-UY\"},{\"@type\":\"Organization\",\"@id\":\"https:\\\/\\\/servinfo.com.uy\\\/#organization\",\"name\":\"Servinfo Soluciones Tecnol\u00f3gicas\",\"url\":\"https:\\\/\\\/servinfo.com.uy\\\/\",\"logo\":{\"@type\":\"ImageObject\",\"inLanguage\":\"es-UY\",\"@id\":\"https:\\\/\\\/servinfo.com.uy\\\/#\\\/schema\\\/logo\\\/image\\\/\",\"url\":\"https:\\\/\\\/servinfo.com.uy\\\/wp-content\\\/uploads\\\/2020\\\/09\\\/Artboard-2.png\",\"contentUrl\":\"https:\\\/\\\/servinfo.com.uy\\\/wp-content\\\/uploads\\\/2020\\\/09\\\/Artboard-2.png\",\"width\":615,\"height\":169,\"caption\":\"Servinfo Soluciones Tecnol\u00f3gicas\"},\"image\":{\"@id\":\"https:\\\/\\\/servinfo.com.uy\\\/#\\\/schema\\\/logo\\\/image\\\/\"},\"sameAs\":[\"https:\\\/\\\/www.facebook.com\\\/lidefoxsa.uruguay\",\"https:\\\/\\\/x.com\\\/ServinfoUruguay\",\"https:\\\/\\\/www.instagram.com\\\/servinfouruguay\\\/?hl=en\",\"https:\\\/\\\/uy.linkedin.com\\\/company\\\/servinfo\"]}]}<\/script>\n<!-- \/ Yoast SEO plugin. -->","yoast_head_json":{"title":"Partner tecnol\u00f3gico de proyectos innovadores - Servinfo","robots":{"index":"index","follow":"follow","max-snippet":"max-snippet:-1","max-image-preview":"max-image-preview:large","max-video-preview":"max-video-preview:-1"},"canonical":"https:\/\/servinfo.com.uy\/index.php\/partner-tecnologico-de-proyectos-innovadores\/","og_locale":"es_ES","og_type":"article","og_title":"Partner tecnol\u00f3gico de proyectos innovadores - Servinfo","og_description":"Funcionamos de forma similar a una incubadora, donde han crecido ideas, se desarrollaron proyectos de innovaci\u00f3n y luego se crearon empresas independientes especializadas en sectores espec\u00edficos. mUUcontrol Tecnolog\u00eda aplicada al agro: Gesti\u00f3n y ubicaci\u00f3n de ganado en tiempo real mediante la utilizaci\u00f3n de caravanas inteligentes Alertas ante situaciones anormales Sensores de control de nivel de [&hellip;]","og_url":"https:\/\/servinfo.com.uy\/index.php\/partner-tecnologico-de-proyectos-innovadores\/","og_site_name":"Servinfo","article_publisher":"https:\/\/www.facebook.com\/lidefoxsa.uruguay","article_modified_time":"2022-01-27T00:07:38+00:00","og_image":[{"url":"https:\/\/servinfo.com.uy\/wp-content\/uploads\/2022\/01\/Tecnologia-Aplicada-Al-Agro-1024x604.png","type":"","width":"","height":""}],"twitter_card":"summary_large_image","twitter_site":"@ServinfoUruguay","schema":{"@context":"https:\/\/schema.org","@graph":[{"@type":"WebPage","@id":"https:\/\/servinfo.com.uy\/index.php\/partner-tecnologico-de-proyectos-innovadores\/","url":"https:\/\/servinfo.com.uy\/index.php\/partner-tecnologico-de-proyectos-innovadores\/","name":"Partner tecnol\u00f3gico de proyectos innovadores - Servinfo","isPartOf":{"@id":"https:\/\/servinfo.com.uy\/#website"},"primaryImageOfPage":{"@id":"https:\/\/servinfo.com.uy\/index.php\/partner-tecnologico-de-proyectos-innovadores\/#primaryimage"},"image":{"@id":"https:\/\/servinfo.com.uy\/index.php\/partner-tecnologico-de-proyectos-innovadores\/#primaryimage"},"thumbnailUrl":"https:\/\/servinfo.com.uy\/wp-content\/uploads\/2022\/01\/Tecnologia-Aplicada-Al-Agro-1024x604.jpg","datePublished":"2021-12-20T00:19:54+00:00","dateModified":"2022-01-27T00:07:38+00:00","breadcrumb":{"@id":"https:\/\/servinfo.com.uy\/index.php\/partner-tecnologico-de-proyectos-innovadores\/#breadcrumb"},"inLanguage":"es-UY","potentialAction":[{"@type":"ReadAction","target":["https:\/\/servinfo.com.uy\/index.php\/partner-tecnologico-de-proyectos-innovadores\/"]}]},{"@type":"ImageObject","inLanguage":"es-UY","@id":"https:\/\/servinfo.com.uy\/index.php\/partner-tecnologico-de-proyectos-innovadores\/#primaryimage","url":"https:\/\/servinfo.com.uy\/wp-content\/uploads\/2022\/01\/Tecnologia-Aplicada-Al-Agro.jpg","contentUrl":"https:\/\/servinfo.com.uy\/wp-content\/uploads\/2022\/01\/Tecnologia-Aplicada-Al-Agro.jpg","width":1884,"height":1112},{"@type":"BreadcrumbList","@id":"https:\/\/servinfo.com.uy\/index.php\/partner-tecnologico-de-proyectos-innovadores\/#breadcrumb","itemListElement":[{"@type":"ListItem","position":1,"name":"Home","item":"https:\/\/servinfo.com.uy\/"},{"@type":"ListItem","position":2,"name":"Partner tecnol\u00f3gico de proyectos innovadores"}]},{"@type":"WebSite","@id":"https:\/\/servinfo.com.uy\/#website","url":"https:\/\/servinfo.com.uy\/","name":"Servinfo","description":"Soluciones Tecnol\u00f3gicas","publisher":{"@id":"https:\/\/servinfo.com.uy\/#organization"},"potentialAction":[{"@type":"SearchAction","target":{"@type":"EntryPoint","urlTemplate":"https:\/\/servinfo.com.uy\/?s={search_term_string}"},"query-input":{"@type":"PropertyValueSpecification","valueRequired":true,"valueName":"search_term_string"}}],"inLanguage":"es-UY"},{"@type":"Organization","@id":"https:\/\/servinfo.com.uy\/#organization","name":"Servinfo Soluciones Tecnol\u00f3gicas","url":"https:\/\/servinfo.com.uy\/","logo":{"@type":"ImageObject","inLanguage":"es-UY","@id":"https:\/\/servinfo.com.uy\/#\/schema\/logo\/image\/","url":"https:\/\/servinfo.com.uy\/wp-content\/uploads\/2020\/09\/Artboard-2.png","contentUrl":"https:\/\/servinfo.com.uy\/wp-content\/uploads\/2020\/09\/Artboard-2.png","width":615,"height":169,"caption":"Servinfo Soluciones Tecnol\u00f3gicas"},"image":{"@id":"https:\/\/servinfo.com.uy\/#\/schema\/logo\/image\/"},"sameAs":["https:\/\/www.facebook.com\/lidefoxsa.uruguay","https:\/\/x.com\/ServinfoUruguay","https:\/\/www.instagram.com\/servinfouruguay\/?hl=en","https:\/\/uy.linkedin.com\/company\/servinfo"]}]}},"_links":{"self":[{"href":"https:\/\/servinfo.com.uy\/index.php\/wp-json\/wp\/v2\/pages\/5426","targetHints":{"allow":["GET"]}}],"collection":[{"href":"https:\/\/servinfo.com.uy\/index.php\/wp-json\/wp\/v2\/pages"}],"about":[{"href":"https:\/\/servinfo.com.uy\/index.php\/wp-json\/wp\/v2\/types\/page"}],"author":[{"embeddable":true,"href":"https:\/\/servinfo.com.uy\/index.php\/wp-json\/wp\/v2\/users\/1"}],"replies":[{"embeddable":true,"href":"https:\/\/servinfo.com.uy\/index.php\/wp-json\/wp\/v2\/comments?post=5426"}],"version-history":[{"count":31,"href":"https:\/\/servinfo.com.uy\/index.php\/wp-json\/wp\/v2\/pages\/5426\/revisions"}],"predecessor-version":[{"id":5875,"href":"https:\/\/servinfo.com.uy\/index.php\/wp-json\/wp\/v2\/pages\/5426\/revisions\/5875"}],"wp:attachment":[{"href":"https:\/\/servinfo.com.uy\/index.php\/wp-json\/wp\/v2\/media?parent=5426"}],"curies":[{"name":"wp","href":"https:\/\/api.w.org\/{rel}","templated":true}]}}