{"id":5415,"date":"2021-12-20T00:13:23","date_gmt":"2021-12-20T00:13:23","guid":{"rendered":"https:\/\/nuevo.servinfo.com.uy\/sitio\/?page_id=5415"},"modified":"2024-02-16T04:38:58","modified_gmt":"2024-02-16T04:38:58","slug":"optimizacion-y-desarrollo-a-medida","status":"publish","type":"page","link":"https:\/\/servinfo.com.uy\/index.php\/optimizacion-y-desarrollo-a-medida\/","title":{"rendered":"Optimizaci\u00f3n y desarrollo a medida"},"content":{"rendered":"<h3>Dise\u00f1amos, desarrollamos e implementamos proyectos junto a nuestros clientes, asegurando que participen en todas las etapas, para que cumplan con sus objetivos, requerimientos y necesidades.<\/h3>\n<h2>CiberSeguridad<\/h2>\n<p>La ciberseguridad es un tema de creciente importancia en la tecnolog\u00eda, para las grandes, medianas, y peque\u00f1as empresas, as\u00ed como para los usuarios que la consumimos.<\/p>\n<p>\u00bfQu\u00e9 es la ciberseguridad?<\/p>\n<p>Se define como una\u00a0<b>capa de protecci\u00f3n para los archivos de informaci\u00f3n<\/b>, que trabaja para evitar todo tipo de amenazas, que ponen en riesgo la informaci\u00f3n que es procesada, transportada y almacenada en cualquier dispositivo.<\/p>\n<p>Trabaja en\u00a0<b>sistemas robustos capaces de actuar antes, durante y despu\u00e9s<\/b>, sirve para prevenir y dar confianza a los clientes y al mercado, pudiendo as\u00ed reducir el riesgo de exposici\u00f3n del usuario y los sistemas.<\/p>\n<p>Herramientas para aumentar la seguridad<\/p>\n<ul>\n<li style=\"font-weight: 400;\" aria-level=\"1\"><b>La protecci\u00f3n contra el c\u00f3digo malicioso malware:\u00a0<\/b>Com\u00fanmente se conoce como antivirus, \u00a0<b>es imprescindible para cualquier organizaci\u00f3n<\/b>,\u00a0 utilizados en los puestos de trabajos, servidores y m\u00f3viles.<\/li>\n<li style=\"font-weight: 400;\" aria-level=\"1\"><b>Ser previsivos:<\/b>\u00a0Estas herramientas son \u00fatiles para conseguir la supervivencia de la organizaci\u00f3n o empresa, despu\u00e9s de un inconveniente de seguridad. Se trata de copias de seguridad y herramientas de recuperaci\u00f3n, que permiten restaurar un sistema desde un punto antes del ataque para perder el menor n\u00famero posible de datos.<\/li>\n<li style=\"font-weight: 400;\" aria-level=\"1\"><b>Protecci\u00f3n de comunicaciones:<\/b>\u00a0Estas soluciones se encargan de proteger a la organizaci\u00f3n de un grupo de amenazas, internas y externas, como pueden ser los\u00a0<a href=\"https:\/\/openwebinars.net\/blog\/top-10-de-ataques-dos-denial-of-service-o-denegacion-de-servicios\/\">ataques de denegaci\u00f3n de servicios<\/a>, accesos no autorizados o la intercepci\u00f3n de las comunicaciones<\/li>\n<\/ul>\n<p><img fetchpriority=\"high\" decoding=\"async\" src=\"https:\/\/servinfo.com.uy\/wp-content\/uploads\/2021\/12\/CiberSecurity-1024x662.jpg\" sizes=\"(max-width: 1024px) 100vw, 1024px\" srcset=\"https:\/\/servinfo.com.uy\/wp-content\/uploads\/2021\/12\/CiberSecurity-1024x662.jpg 1024w, https:\/\/servinfo.com.uy\/wp-content\/uploads\/2021\/12\/CiberSecurity-300x194.jpg 300w, https:\/\/servinfo.com.uy\/wp-content\/uploads\/2021\/12\/CiberSecurity-768x496.jpg 768w, https:\/\/servinfo.com.uy\/wp-content\/uploads\/2021\/12\/CiberSecurity-1536x993.jpg 1536w, https:\/\/servinfo.com.uy\/wp-content\/uploads\/2021\/12\/CiberSecurity-2048x1323.jpg 2048w, https:\/\/servinfo.com.uy\/wp-content\/uploads\/2021\/12\/CiberSecurity-720x465.jpg 720w\" alt=\"\" width=\"1024\" height=\"662\" \/><br \/>\n<img decoding=\"async\" src=\"https:\/\/servinfo.com.uy\/wp-content\/uploads\/2021\/12\/Auditoria-PenTest-1024x576.jpg\" sizes=\"(max-width: 1024px) 100vw, 1024px\" srcset=\"https:\/\/servinfo.com.uy\/wp-content\/uploads\/2021\/12\/Auditoria-PenTest-1024x576.jpg 1024w, https:\/\/servinfo.com.uy\/wp-content\/uploads\/2021\/12\/Auditoria-PenTest-300x169.jpg 300w, https:\/\/servinfo.com.uy\/wp-content\/uploads\/2021\/12\/Auditoria-PenTest-768x432.jpg 768w, https:\/\/servinfo.com.uy\/wp-content\/uploads\/2021\/12\/Auditoria-PenTest-1536x864.jpg 1536w, https:\/\/servinfo.com.uy\/wp-content\/uploads\/2021\/12\/Auditoria-PenTest-2048x1152.jpg 2048w, https:\/\/servinfo.com.uy\/wp-content\/uploads\/2021\/12\/Auditoria-PenTest-720x405.jpg 720w\" alt=\"\" width=\"1024\" height=\"576\" \/><\/p>\n<h2>AUDITOR\u00cdA DE PENTEST<\/h2>\n<p><b>Metodolog\u00eda propuesta:\u00a0<\/b><\/p>\n<p>Pentest es la t\u00e9cnica de ciberseguridad que consiste en atacar entornos inform\u00e1ticos con una misi\u00f3n: descubrir y explotar vulnerabilidades con el objetivo de documentar el ataque y recopilar informaci\u00f3n sobre la seguridad, para que los administradores del sistema corrijan la ruptura del mismo y sirva de prevenci\u00f3n futura sobre ataques que podr\u00edan llevarse a cabo.<\/p>\n<p><strong>OBJETIVOS DEL PENTEST<\/strong><\/p>\n<ul>\n<li>Garantizar confidencialidad e integridad<\/li>\n<li>Analizar la vulnerabilidad de su organizaci\u00f3n ante hackers<\/li>\n<li>Minimizar existencia de riesgos<\/li>\n<li>Optimizar y agilizar toma de decisiones<\/li>\n<\/ul>\n<p><strong>\u00bfPOR QU\u00c9 REALIZAR UN PENTEST?<\/strong><\/p>\n<p>En tecnolog\u00eda, la velocidad de cambio es un elemento existente que tenemos que tener siempre en mente: lo que ayer era un est\u00e1ndar, hoy puede estar obsoleto. Los estilos de hackeos tambi\u00e9n van evolucionando, es por ello que las organizaciones deben conocer sus vulnerabilidades y riesgos, en base a ello elaborar un plan de ajuste para correcci\u00f3n de los mismos y proteger sus activos.<\/p>\n<p><a href=\"https:\/\/servinfo.com.uy\/index.php\/contacto\/\">Por m\u00e1s informaci\u00f3n cont\u00e1ctenos<\/a><\/p>\n<h2>Desarrollo de Software a medida (Software Factory)<\/h2>\n<p><img decoding=\"async\" src=\"https:\/\/servinfo.com.uy\/wp-content\/uploads\/2021\/12\/DesarrolloDeSoftware-1024x683.jpg\" sizes=\"(max-width: 1024px) 100vw, 1024px\" srcset=\"https:\/\/servinfo.com.uy\/wp-content\/uploads\/2021\/12\/DesarrolloDeSoftware-1024x683.jpg 1024w, https:\/\/servinfo.com.uy\/wp-content\/uploads\/2021\/12\/DesarrolloDeSoftware-300x200.jpg 300w, https:\/\/servinfo.com.uy\/wp-content\/uploads\/2021\/12\/DesarrolloDeSoftware-768x513.jpg 768w, https:\/\/servinfo.com.uy\/wp-content\/uploads\/2021\/12\/DesarrolloDeSoftware-1536x1025.jpg 1536w, https:\/\/servinfo.com.uy\/wp-content\/uploads\/2021\/12\/DesarrolloDeSoftware-2048x1367.jpg 2048w, https:\/\/servinfo.com.uy\/wp-content\/uploads\/2021\/12\/DesarrolloDeSoftware-720x481.jpg 720w\" alt=\"\" width=\"1024\" height=\"683\" \/><\/p>\n<p>An\u00e1lisis de requerimientos, dise\u00f1o y desarrollo de software.\u00a0 En varios de nuestros proyectos nos hemos encontrado con requerimientos de software que presentaron necesidades de realizar un desarrollo de software a medida. En todos los casos fue necesario realizar un an\u00e1lisis de los requerimientos, dise\u00f1o de la soluci\u00f3n a implementar as\u00ed como de la arquitectura de la misma, desarrollo del software en alguna plataforma utilizando distintos lenguajes de programaci\u00f3n, testing para control de calidad y puesta en producci\u00f3n de la soluci\u00f3n. Para la gesti\u00f3n de todo el ciclo de desarrollo utilizamos los marcos \u00e1giles, como ser scrum, lo cual nos permite liberar r\u00e1pidamente una versi\u00f3n m\u00ednima viable del producto de software, adaptarnos f\u00e1cilmente a los cambios de requerimientos y tener un feedback del cliente durante todo el proyecto. Hemos desarrollado sistemas\u00a0 web, de escritorio y tambi\u00e9n aplicaciones nativas para celulares inteligentes, asegurando la optimizaci\u00f3n en cada tipo de dispositivo.<\/p>\n<p><a href=\"https:\/\/servinfo.com.uy\/index.php\/contacto\/\">Por m\u00e1s informaci\u00f3n cont\u00e1ctenos<\/a><\/p>\n<h2>Desarrollo de Software orientado a digitalizaci\u00f3n de PYMES<\/h2>\n<p><img loading=\"lazy\" decoding=\"async\" class=\"\" src=\"https:\/\/encrypted-tbn0.gstatic.com\/images?q=tbn:ANd9GcRFBExWDcLMpYXBTTdFUhrZ_Xa1i8THqn_nTeIcsIZiw93oSSZolb8shk8mg26Onekd7oI&amp;usqp=CAU\" alt=\"Digitalizaci\u00f3n de las pymes espa\u00f1olas\" width=\"754\" height=\"534\" \/><\/p>\n<p>Aportamos soluciones de software\/hardware orientadas a facilitar el proceso de digitalizaci\u00f3n de PYMES con una participaci\u00f3n global del proyecto y provisi\u00f3n de soluciones que incluyen:<\/p>\n<ul>\n<li>Soluciones para comercio elect\u00f3nico<\/li>\n<li>Pasarela de pagos integradas con los principales proveedores<\/li>\n<li>Agendas digitales y control de visitas<\/li>\n<li>Integraci\u00f3n de CRM<\/li>\n<li>Desarrollo de sitio web<\/li>\n<li>Desarrollo de sitios en redes sociales y stores en las mismas<\/li>\n<li>Desarrollo de software a medida<\/li>\n<li>Consultoria y capacitaci\u00f3n<\/li>\n<li>Suministro de equipamiento y redes<\/li>\n<\/ul>\n<p><a href=\"https:\/\/servinfo.com.uy\/index.php\/contacto\/\">Por m\u00e1s informaci\u00f3n cont\u00e1ctenos<\/a><\/p>\n<p><img loading=\"lazy\" decoding=\"async\" src=\"https:\/\/servinfo.com.uy\/wp-content\/uploads\/2021\/12\/InteligenciaArtificial-1024x610.jpg\" sizes=\"(max-width: 1024px) 100vw, 1024px\" srcset=\"https:\/\/servinfo.com.uy\/wp-content\/uploads\/2021\/12\/InteligenciaArtificial-1024x610.jpg 1024w, https:\/\/servinfo.com.uy\/wp-content\/uploads\/2021\/12\/InteligenciaArtificial-300x179.jpg 300w, https:\/\/servinfo.com.uy\/wp-content\/uploads\/2021\/12\/InteligenciaArtificial-768x457.jpg 768w, https:\/\/servinfo.com.uy\/wp-content\/uploads\/2021\/12\/InteligenciaArtificial-1536x914.jpg 1536w, https:\/\/servinfo.com.uy\/wp-content\/uploads\/2021\/12\/InteligenciaArtificial-2048x1219.jpg 2048w, https:\/\/servinfo.com.uy\/wp-content\/uploads\/2021\/12\/InteligenciaArtificial-720x429.jpg 720w\" alt=\"\" width=\"1024\" height=\"610\" \/><\/p>\n<h2>Inteligencia artificial<\/h2>\n<p>Inteligencia artificial aplicada a escenarios reales:<\/p>\n<ul>\n<li style=\"font-weight: 400;\" aria-level=\"1\">Desarrollo de soluciones a medida\n<ul>\n<li style=\"font-weight: 400;\" aria-level=\"2\">Dise\u00f1amos el proyecto para satisfacer las necesidades de su empresa.<\/li>\n<\/ul>\n<\/li>\n<li style=\"font-weight: 400;\" aria-level=\"1\">Creaci\u00f3n de Datasets\n<ul>\n<li style=\"font-weight: 400;\" aria-level=\"2\">Armado de datasets para entrenamiento.<\/li>\n<li style=\"font-weight: 400;\" aria-level=\"2\">Nos ocupamos de encontrar datasets para su proyecto o los creamos a su medida.<\/li>\n<\/ul>\n<\/li>\n<li style=\"font-weight: 400;\" aria-level=\"1\">Consultor\u00eda para implementaciones de I.A.\n<ul>\n<li style=\"font-weight: 400;\" aria-level=\"2\">Nuestro equipo puede asesorar en su proyecto y realizar los desarrollos que necesite.<\/li>\n<\/ul>\n<\/li>\n<\/ul>\n<p>Caso de \u00e9xito: Video detecci\u00f3n de armas en tiempo real, usando nuestra RED NEURONAL pre entrenada en detecci\u00f3n de armas en su existente sistema de CCTV podr\u00e1 identificar armas mediante el uso de Inteligencia Artificial y recibir alertas directamente en su dispositivo m\u00f3vil\u00a0 Android\/iOS<\/p>\n<p>Mas informaci\u00f3n: <a href=\"https:\/\/mvdanalytics.com\/\">mvdanalytics.com<\/a><\/p>\n<h2>Consultor\u00eda y desarrollo de cat\u00e1logo de datos abiertos (CKAN)<\/h2>\n<p>\u00bfQu\u00e9 es CKAN?<\/p>\n<p>CKAN es una herramienta para crear sitios web de datos abiertos. (Piense en un sistema de administraci\u00f3n de contenido como WordPress, pero para datos, en lugar de p\u00e1ginas y publicaciones de blog). Le ayuda a administrar y publicar colecciones de datos. Es utilizado por gobiernos nacionales y locales, instituciones de investigaci\u00f3n y otras organizaciones que recopilan una gran cantidad de datos.<\/p>\n<p>Una vez que se publican sus datos, los usuarios pueden usar sus funciones de b\u00fasqueda por facetas para buscar y encontrar los datos que necesitan, y obtener una vista previa utilizando mapas, gr\u00e1ficos y tablas, ya sean desarrolladores, periodistas, investigadores, ONG, ciudadanos o incluso su propio personal.<\/p>\n<p>En Servinfo tenemos experiencia en desarrollo de proyectos utilizando CKAN, por lo cual podemos ayudar a implementar soluciones a medida con esta tecnolog\u00eda.<\/p>\n<p><a href=\"https:\/\/servinfo.com.uy\/index.php\/contacto\/\">Por m\u00e1s informaci\u00f3n cont\u00e1ctenos<\/a><\/p>\n<p><img loading=\"lazy\" decoding=\"async\" src=\"https:\/\/servinfo.com.uy\/wp-content\/uploads\/2021\/12\/ConsultoriaCKAN-1024x683.jpg\" sizes=\"(max-width: 1024px) 100vw, 1024px\" srcset=\"https:\/\/servinfo.com.uy\/wp-content\/uploads\/2021\/12\/ConsultoriaCKAN-1024x683.jpg 1024w, https:\/\/servinfo.com.uy\/wp-content\/uploads\/2021\/12\/ConsultoriaCKAN-300x200.jpg 300w, https:\/\/servinfo.com.uy\/wp-content\/uploads\/2021\/12\/ConsultoriaCKAN-768x512.jpg 768w, https:\/\/servinfo.com.uy\/wp-content\/uploads\/2021\/12\/ConsultoriaCKAN-1536x1024.jpg 1536w, https:\/\/servinfo.com.uy\/wp-content\/uploads\/2021\/12\/ConsultoriaCKAN-2048x1365.jpg 2048w, https:\/\/servinfo.com.uy\/wp-content\/uploads\/2021\/12\/ConsultoriaCKAN-720x480.jpg 720w\" alt=\"\" width=\"1024\" height=\"683\" \/><\/p>\n","protected":false},"excerpt":{"rendered":"<p>Dise\u00f1amos, desarrollamos e implementamos proyectos junto a nuestros clientes, asegurando que participen en todas las etapas, para que cumplan con sus objetivos, requerimientos y necesidades. CiberSeguridad La ciberseguridad es un tema de creciente importancia en la tecnolog\u00eda, para las grandes, medianas, y peque\u00f1as empresas, as\u00ed como para los usuarios que la consumimos. \u00bfQu\u00e9 es la [&hellip;]<\/p>\n","protected":false},"author":1,"featured_media":0,"parent":0,"menu_order":0,"comment_status":"closed","ping_status":"closed","template":"","meta":{"footnotes":""},"class_list":["post-5415","page","type-page","status-publish","hentry"],"yoast_head":"<!-- This site is optimized with the Yoast SEO plugin v27.4 - https:\/\/yoast.com\/product\/yoast-seo-wordpress\/ -->\n<title>Optimizaci\u00f3n y desarrollo a medida - Servinfo<\/title>\n<meta name=\"robots\" content=\"index, follow, max-snippet:-1, max-image-preview:large, max-video-preview:-1\" \/>\n<link rel=\"canonical\" href=\"https:\/\/servinfo.com.uy\/index.php\/optimizacion-y-desarrollo-a-medida\/\" \/>\n<meta property=\"og:locale\" content=\"es_ES\" \/>\n<meta property=\"og:type\" content=\"article\" \/>\n<meta property=\"og:title\" content=\"Optimizaci\u00f3n y desarrollo a medida - Servinfo\" \/>\n<meta property=\"og:description\" content=\"Dise\u00f1amos, desarrollamos e implementamos proyectos junto a nuestros clientes, asegurando que participen en todas las etapas, para que cumplan con sus objetivos, requerimientos y necesidades. CiberSeguridad La ciberseguridad es un tema de creciente importancia en la tecnolog\u00eda, para las grandes, medianas, y peque\u00f1as empresas, as\u00ed como para los usuarios que la consumimos. \u00bfQu\u00e9 es la [&hellip;]\" \/>\n<meta property=\"og:url\" content=\"https:\/\/servinfo.com.uy\/index.php\/optimizacion-y-desarrollo-a-medida\/\" \/>\n<meta property=\"og:site_name\" content=\"Servinfo\" \/>\n<meta property=\"article:publisher\" content=\"https:\/\/www.facebook.com\/lidefoxsa.uruguay\" \/>\n<meta property=\"article:modified_time\" content=\"2024-02-16T04:38:58+00:00\" \/>\n<meta property=\"og:image\" content=\"https:\/\/servinfo.com.uy\/wp-content\/uploads\/2021\/12\/CiberSecurity-1024x662.jpg\" \/>\n<meta name=\"twitter:card\" content=\"summary_large_image\" \/>\n<meta name=\"twitter:site\" content=\"@ServinfoUruguay\" \/>\n<meta name=\"twitter:label1\" content=\"Est. reading time\" \/>\n\t<meta name=\"twitter:data1\" content=\"6 minutos\" \/>\n<script type=\"application\/ld+json\" class=\"yoast-schema-graph\">{\"@context\":\"https:\\\/\\\/schema.org\",\"@graph\":[{\"@type\":\"WebPage\",\"@id\":\"https:\\\/\\\/servinfo.com.uy\\\/index.php\\\/optimizacion-y-desarrollo-a-medida\\\/\",\"url\":\"https:\\\/\\\/servinfo.com.uy\\\/index.php\\\/optimizacion-y-desarrollo-a-medida\\\/\",\"name\":\"Optimizaci\u00f3n y desarrollo a medida - Servinfo\",\"isPartOf\":{\"@id\":\"https:\\\/\\\/servinfo.com.uy\\\/#website\"},\"primaryImageOfPage\":{\"@id\":\"https:\\\/\\\/servinfo.com.uy\\\/index.php\\\/optimizacion-y-desarrollo-a-medida\\\/#primaryimage\"},\"image\":{\"@id\":\"https:\\\/\\\/servinfo.com.uy\\\/index.php\\\/optimizacion-y-desarrollo-a-medida\\\/#primaryimage\"},\"thumbnailUrl\":\"https:\\\/\\\/servinfo.com.uy\\\/wp-content\\\/uploads\\\/2021\\\/12\\\/CiberSecurity-1024x662.jpg\",\"datePublished\":\"2021-12-20T00:13:23+00:00\",\"dateModified\":\"2024-02-16T04:38:58+00:00\",\"breadcrumb\":{\"@id\":\"https:\\\/\\\/servinfo.com.uy\\\/index.php\\\/optimizacion-y-desarrollo-a-medida\\\/#breadcrumb\"},\"inLanguage\":\"es-UY\",\"potentialAction\":[{\"@type\":\"ReadAction\",\"target\":[\"https:\\\/\\\/servinfo.com.uy\\\/index.php\\\/optimizacion-y-desarrollo-a-medida\\\/\"]}]},{\"@type\":\"ImageObject\",\"inLanguage\":\"es-UY\",\"@id\":\"https:\\\/\\\/servinfo.com.uy\\\/index.php\\\/optimizacion-y-desarrollo-a-medida\\\/#primaryimage\",\"url\":\"https:\\\/\\\/servinfo.com.uy\\\/wp-content\\\/uploads\\\/2021\\\/12\\\/CiberSecurity-1024x662.jpg\",\"contentUrl\":\"https:\\\/\\\/servinfo.com.uy\\\/wp-content\\\/uploads\\\/2021\\\/12\\\/CiberSecurity-1024x662.jpg\"},{\"@type\":\"BreadcrumbList\",\"@id\":\"https:\\\/\\\/servinfo.com.uy\\\/index.php\\\/optimizacion-y-desarrollo-a-medida\\\/#breadcrumb\",\"itemListElement\":[{\"@type\":\"ListItem\",\"position\":1,\"name\":\"Home\",\"item\":\"https:\\\/\\\/servinfo.com.uy\\\/\"},{\"@type\":\"ListItem\",\"position\":2,\"name\":\"Optimizaci\u00f3n y desarrollo a medida\"}]},{\"@type\":\"WebSite\",\"@id\":\"https:\\\/\\\/servinfo.com.uy\\\/#website\",\"url\":\"https:\\\/\\\/servinfo.com.uy\\\/\",\"name\":\"Servinfo\",\"description\":\"Soluciones Tecnol\u00f3gicas\",\"publisher\":{\"@id\":\"https:\\\/\\\/servinfo.com.uy\\\/#organization\"},\"potentialAction\":[{\"@type\":\"SearchAction\",\"target\":{\"@type\":\"EntryPoint\",\"urlTemplate\":\"https:\\\/\\\/servinfo.com.uy\\\/?s={search_term_string}\"},\"query-input\":{\"@type\":\"PropertyValueSpecification\",\"valueRequired\":true,\"valueName\":\"search_term_string\"}}],\"inLanguage\":\"es-UY\"},{\"@type\":\"Organization\",\"@id\":\"https:\\\/\\\/servinfo.com.uy\\\/#organization\",\"name\":\"Servinfo Soluciones Tecnol\u00f3gicas\",\"url\":\"https:\\\/\\\/servinfo.com.uy\\\/\",\"logo\":{\"@type\":\"ImageObject\",\"inLanguage\":\"es-UY\",\"@id\":\"https:\\\/\\\/servinfo.com.uy\\\/#\\\/schema\\\/logo\\\/image\\\/\",\"url\":\"https:\\\/\\\/servinfo.com.uy\\\/wp-content\\\/uploads\\\/2020\\\/09\\\/Artboard-2.png\",\"contentUrl\":\"https:\\\/\\\/servinfo.com.uy\\\/wp-content\\\/uploads\\\/2020\\\/09\\\/Artboard-2.png\",\"width\":615,\"height\":169,\"caption\":\"Servinfo Soluciones Tecnol\u00f3gicas\"},\"image\":{\"@id\":\"https:\\\/\\\/servinfo.com.uy\\\/#\\\/schema\\\/logo\\\/image\\\/\"},\"sameAs\":[\"https:\\\/\\\/www.facebook.com\\\/lidefoxsa.uruguay\",\"https:\\\/\\\/x.com\\\/ServinfoUruguay\",\"https:\\\/\\\/www.instagram.com\\\/servinfouruguay\\\/?hl=en\",\"https:\\\/\\\/uy.linkedin.com\\\/company\\\/servinfo\"]}]}<\/script>\n<!-- \/ Yoast SEO plugin. -->","yoast_head_json":{"title":"Optimizaci\u00f3n y desarrollo a medida - Servinfo","robots":{"index":"index","follow":"follow","max-snippet":"max-snippet:-1","max-image-preview":"max-image-preview:large","max-video-preview":"max-video-preview:-1"},"canonical":"https:\/\/servinfo.com.uy\/index.php\/optimizacion-y-desarrollo-a-medida\/","og_locale":"es_ES","og_type":"article","og_title":"Optimizaci\u00f3n y desarrollo a medida - Servinfo","og_description":"Dise\u00f1amos, desarrollamos e implementamos proyectos junto a nuestros clientes, asegurando que participen en todas las etapas, para que cumplan con sus objetivos, requerimientos y necesidades. CiberSeguridad La ciberseguridad es un tema de creciente importancia en la tecnolog\u00eda, para las grandes, medianas, y peque\u00f1as empresas, as\u00ed como para los usuarios que la consumimos. \u00bfQu\u00e9 es la [&hellip;]","og_url":"https:\/\/servinfo.com.uy\/index.php\/optimizacion-y-desarrollo-a-medida\/","og_site_name":"Servinfo","article_publisher":"https:\/\/www.facebook.com\/lidefoxsa.uruguay","article_modified_time":"2024-02-16T04:38:58+00:00","og_image":[{"url":"https:\/\/servinfo.com.uy\/wp-content\/uploads\/2021\/12\/CiberSecurity-1024x662.jpg","type":"","width":"","height":""}],"twitter_card":"summary_large_image","twitter_site":"@ServinfoUruguay","twitter_misc":{"Est. reading time":"6 minutos"},"schema":{"@context":"https:\/\/schema.org","@graph":[{"@type":"WebPage","@id":"https:\/\/servinfo.com.uy\/index.php\/optimizacion-y-desarrollo-a-medida\/","url":"https:\/\/servinfo.com.uy\/index.php\/optimizacion-y-desarrollo-a-medida\/","name":"Optimizaci\u00f3n y desarrollo a medida - Servinfo","isPartOf":{"@id":"https:\/\/servinfo.com.uy\/#website"},"primaryImageOfPage":{"@id":"https:\/\/servinfo.com.uy\/index.php\/optimizacion-y-desarrollo-a-medida\/#primaryimage"},"image":{"@id":"https:\/\/servinfo.com.uy\/index.php\/optimizacion-y-desarrollo-a-medida\/#primaryimage"},"thumbnailUrl":"https:\/\/servinfo.com.uy\/wp-content\/uploads\/2021\/12\/CiberSecurity-1024x662.jpg","datePublished":"2021-12-20T00:13:23+00:00","dateModified":"2024-02-16T04:38:58+00:00","breadcrumb":{"@id":"https:\/\/servinfo.com.uy\/index.php\/optimizacion-y-desarrollo-a-medida\/#breadcrumb"},"inLanguage":"es-UY","potentialAction":[{"@type":"ReadAction","target":["https:\/\/servinfo.com.uy\/index.php\/optimizacion-y-desarrollo-a-medida\/"]}]},{"@type":"ImageObject","inLanguage":"es-UY","@id":"https:\/\/servinfo.com.uy\/index.php\/optimizacion-y-desarrollo-a-medida\/#primaryimage","url":"https:\/\/servinfo.com.uy\/wp-content\/uploads\/2021\/12\/CiberSecurity-1024x662.jpg","contentUrl":"https:\/\/servinfo.com.uy\/wp-content\/uploads\/2021\/12\/CiberSecurity-1024x662.jpg"},{"@type":"BreadcrumbList","@id":"https:\/\/servinfo.com.uy\/index.php\/optimizacion-y-desarrollo-a-medida\/#breadcrumb","itemListElement":[{"@type":"ListItem","position":1,"name":"Home","item":"https:\/\/servinfo.com.uy\/"},{"@type":"ListItem","position":2,"name":"Optimizaci\u00f3n y desarrollo a medida"}]},{"@type":"WebSite","@id":"https:\/\/servinfo.com.uy\/#website","url":"https:\/\/servinfo.com.uy\/","name":"Servinfo","description":"Soluciones Tecnol\u00f3gicas","publisher":{"@id":"https:\/\/servinfo.com.uy\/#organization"},"potentialAction":[{"@type":"SearchAction","target":{"@type":"EntryPoint","urlTemplate":"https:\/\/servinfo.com.uy\/?s={search_term_string}"},"query-input":{"@type":"PropertyValueSpecification","valueRequired":true,"valueName":"search_term_string"}}],"inLanguage":"es-UY"},{"@type":"Organization","@id":"https:\/\/servinfo.com.uy\/#organization","name":"Servinfo Soluciones Tecnol\u00f3gicas","url":"https:\/\/servinfo.com.uy\/","logo":{"@type":"ImageObject","inLanguage":"es-UY","@id":"https:\/\/servinfo.com.uy\/#\/schema\/logo\/image\/","url":"https:\/\/servinfo.com.uy\/wp-content\/uploads\/2020\/09\/Artboard-2.png","contentUrl":"https:\/\/servinfo.com.uy\/wp-content\/uploads\/2020\/09\/Artboard-2.png","width":615,"height":169,"caption":"Servinfo Soluciones Tecnol\u00f3gicas"},"image":{"@id":"https:\/\/servinfo.com.uy\/#\/schema\/logo\/image\/"},"sameAs":["https:\/\/www.facebook.com\/lidefoxsa.uruguay","https:\/\/x.com\/ServinfoUruguay","https:\/\/www.instagram.com\/servinfouruguay\/?hl=en","https:\/\/uy.linkedin.com\/company\/servinfo"]}]}},"_links":{"self":[{"href":"https:\/\/servinfo.com.uy\/index.php\/wp-json\/wp\/v2\/pages\/5415","targetHints":{"allow":["GET"]}}],"collection":[{"href":"https:\/\/servinfo.com.uy\/index.php\/wp-json\/wp\/v2\/pages"}],"about":[{"href":"https:\/\/servinfo.com.uy\/index.php\/wp-json\/wp\/v2\/types\/page"}],"author":[{"embeddable":true,"href":"https:\/\/servinfo.com.uy\/index.php\/wp-json\/wp\/v2\/users\/1"}],"replies":[{"embeddable":true,"href":"https:\/\/servinfo.com.uy\/index.php\/wp-json\/wp\/v2\/comments?post=5415"}],"version-history":[{"count":41,"href":"https:\/\/servinfo.com.uy\/index.php\/wp-json\/wp\/v2\/pages\/5415\/revisions"}],"predecessor-version":[{"id":5989,"href":"https:\/\/servinfo.com.uy\/index.php\/wp-json\/wp\/v2\/pages\/5415\/revisions\/5989"}],"wp:attachment":[{"href":"https:\/\/servinfo.com.uy\/index.php\/wp-json\/wp\/v2\/media?parent=5415"}],"curies":[{"name":"wp","href":"https:\/\/api.w.org\/{rel}","templated":true}]}}