{"id":5389,"date":"2021-12-19T23:55:33","date_gmt":"2021-12-19T23:55:33","guid":{"rendered":"https:\/\/nuevo.servinfo.com.uy\/sitio\/?page_id=5389"},"modified":"2022-01-23T03:30:05","modified_gmt":"2022-01-23T03:30:05","slug":"innovacion-tecnologica","status":"publish","type":"page","link":"https:\/\/servinfo.com.uy\/index.php\/innovacion-tecnologica\/","title":{"rendered":"Innovaci\u00f3n Tecnol\u00f3gica"},"content":{"rendered":"\t\t<div data-elementor-type=\"wp-page\" data-elementor-id=\"5389\" class=\"elementor elementor-5389\">\n\t\t\t\t\t\t<section class=\"elementor-section elementor-top-section elementor-element elementor-element-6163dc2 ot-traditional elementor-section-boxed elementor-section-height-default elementor-section-height-default\" data-id=\"6163dc2\" data-element_type=\"section\">\n\t\t\t\t\t\t<div class=\"elementor-container elementor-column-gap-default\">\n\t\t\t\t\t<div class=\"elementor-column elementor-col-100 elementor-top-column elementor-element elementor-element-bf054fb ot-flex-column-vertical\" data-id=\"bf054fb\" data-element_type=\"column\">\n\t\t\t<div class=\"elementor-widget-wrap elementor-element-populated\">\n\t\t\t\t\t\t<div class=\"elementor-element elementor-element-0cda340 elementor-widget elementor-widget-heading\" data-id=\"0cda340\" data-element_type=\"widget\" data-widget_type=\"heading.default\">\n\t\t\t\t<div class=\"elementor-widget-container\">\n\t\t\t\t\t<h3 class=\"elementor-heading-title elementor-size-default\">En Servinfo generamos soluciones innovadoras, utilizando tecnolog\u00eda de punta, para ayudar a nuestros clientes a evolucionar y transformar tanto las organizaciones p\u00fablicas como las empresas privadas.<\/h3>\t\t\t\t<\/div>\n\t\t\t\t<\/div>\n\t\t\t\t\t<\/div>\n\t\t<\/div>\n\t\t\t\t\t<\/div>\n\t\t<\/section>\n\t\t\t\t<section class=\"elementor-section elementor-top-section elementor-element elementor-element-7f3cbd8 elementor-section-content-middle ot-traditional elementor-section-boxed elementor-section-height-default elementor-section-height-default\" data-id=\"7f3cbd8\" data-element_type=\"section\" data-settings=\"{&quot;background_background&quot;:&quot;classic&quot;}\">\n\t\t\t\t\t\t<div class=\"elementor-container elementor-column-gap-extended\">\n\t\t\t\t\t<div class=\"elementor-column elementor-col-50 elementor-top-column elementor-element elementor-element-9fc2569 ot-flex-column-vertical\" data-id=\"9fc2569\" data-element_type=\"column\">\n\t\t\t<div class=\"elementor-widget-wrap elementor-element-populated\">\n\t\t\t\t\t\t<div class=\"elementor-element elementor-element-925ee15 elementor-widget elementor-widget-iheading\" data-id=\"925ee15\" data-element_type=\"widget\" data-widget_type=\"iheading.default\">\n\t\t\t\t<div class=\"elementor-widget-container\">\n\t\t\t\t\t\t\t<div class=\"ot-heading\">\r\n\t        <h2 class=\"main-heading\">Video anal\u00edtica<\/h2>\t    <\/div>\r\n\t    \t\t\t\t<\/div>\n\t\t\t\t<\/div>\n\t\t\t\t<div class=\"elementor-element elementor-element-5f326aa elementor-widget elementor-widget-text-editor\" data-id=\"5f326aa\" data-element_type=\"widget\" data-widget_type=\"text-editor.default\">\n\t\t\t\t<div class=\"elementor-widget-container\">\n\t\t\t\t\t\t\t\t\t<p><b>Sistema de control de acceso con medici\u00f3n de temperatura y reconocimiento facial<\/b><\/p><p><span style=\"font-weight: 400;\">Una soluci\u00f3n para la verificaci\u00f3n de temperatura corporal de forma \u00e1gil y segura para su empresa. Tenga el registro de todos sus funcionarios y p\u00fablico, as\u00ed como control del cumplimiento de ingreso con tapabocas.<\/span><\/p><p><span style=\"font-weight: 400;\">C\u00d3MO FUNCIONA<\/span><\/p><p><span style=\"font-weight: 400;\">Se instala el equipo en el lugar de ingreso, en pared, t\u00f3tem o molinete existente; al ingresar las personas pasan por el equipo el cual en menos de un segundo y sin contacto informa la temperatura, si est\u00e1 registrado en el reconocimiento facial y si est\u00e1 con barbijo colocado o no. Todos los aspectos son parametrizables, as\u00ed como los umbrales de alerta.<\/span><\/p><p><span style=\"font-weight: 400;\">Al detectar un caso fuera del rango de temperatura informa mediante alarma sonora y guarda el registro.<\/span><\/p><p><a href=\"https:\/\/servinfo.com.uy\/index.php\/contacto\/\"><span style=\"font-weight: 400;\">Por m\u00e1s informaci\u00f3n cont\u00e1ctenos<\/span><\/a><\/p>\t\t\t\t\t\t\t\t<\/div>\n\t\t\t\t<\/div>\n\t\t\t\t\t<\/div>\n\t\t<\/div>\n\t\t\t\t<div class=\"elementor-column elementor-col-50 elementor-top-column elementor-element elementor-element-7564da8 ot-flex-column-vertical\" data-id=\"7564da8\" data-element_type=\"column\" data-settings=\"{&quot;background_background&quot;:&quot;classic&quot;}\">\n\t\t\t<div class=\"elementor-widget-wrap elementor-element-populated\">\n\t\t\t\t\t\t<div class=\"elementor-element elementor-element-1a7a8f9 elementor-widget elementor-widget-image\" data-id=\"1a7a8f9\" data-element_type=\"widget\" data-widget_type=\"image.default\">\n\t\t\t\t<div class=\"elementor-widget-container\">\n\t\t\t\t\t\t\t\t\t\t\t\t\t\t\t<img fetchpriority=\"high\" decoding=\"async\" width=\"1024\" height=\"683\" src=\"https:\/\/servinfo.com.uy\/wp-content\/uploads\/2021\/12\/Foto-1-1024x683.jpeg\" class=\"attachment-large size-large wp-image-5394\" alt=\"\" srcset=\"https:\/\/servinfo.com.uy\/wp-content\/uploads\/2021\/12\/Foto-1-1024x683.jpeg 1024w, https:\/\/servinfo.com.uy\/wp-content\/uploads\/2021\/12\/Foto-1-300x200.jpeg 300w, https:\/\/servinfo.com.uy\/wp-content\/uploads\/2021\/12\/Foto-1-768x512.jpeg 768w, https:\/\/servinfo.com.uy\/wp-content\/uploads\/2021\/12\/Foto-1-720x480.jpeg 720w, https:\/\/servinfo.com.uy\/wp-content\/uploads\/2021\/12\/Foto-1.jpeg 1500w\" sizes=\"(max-width: 1024px) 100vw, 1024px\" \/>\t\t\t\t\t\t\t\t\t\t\t\t\t\t\t<\/div>\n\t\t\t\t<\/div>\n\t\t\t\t\t<\/div>\n\t\t<\/div>\n\t\t\t\t\t<\/div>\n\t\t<\/section>\n\t\t\t\t<section class=\"elementor-section elementor-top-section elementor-element elementor-element-bddba6f elementor-section-content-middle elementor-reverse-mobile ot-traditional elementor-section-boxed elementor-section-height-default elementor-section-height-default\" data-id=\"bddba6f\" data-element_type=\"section\" data-settings=\"{&quot;background_background&quot;:&quot;classic&quot;}\">\n\t\t\t\t\t\t<div class=\"elementor-container elementor-column-gap-extended\">\n\t\t\t\t\t<div class=\"elementor-column elementor-col-50 elementor-top-column elementor-element elementor-element-af87064 ot-flex-column-vertical\" data-id=\"af87064\" data-element_type=\"column\" data-settings=\"{&quot;background_background&quot;:&quot;classic&quot;}\">\n\t\t\t<div class=\"elementor-widget-wrap elementor-element-populated\">\n\t\t\t\t\t\t<div class=\"elementor-element elementor-element-5375b47 elementor-widget elementor-widget-image\" data-id=\"5375b47\" data-element_type=\"widget\" data-widget_type=\"image.default\">\n\t\t\t\t<div class=\"elementor-widget-container\">\n\t\t\t\t\t\t\t\t\t\t\t\t\t\t\t<img decoding=\"async\" width=\"1024\" height=\"781\" src=\"https:\/\/servinfo.com.uy\/wp-content\/uploads\/2021\/12\/Foto-2-1024x781.jpeg\" class=\"attachment-large size-large wp-image-5395\" alt=\"\" srcset=\"https:\/\/servinfo.com.uy\/wp-content\/uploads\/2021\/12\/Foto-2-1024x781.jpeg 1024w, https:\/\/servinfo.com.uy\/wp-content\/uploads\/2021\/12\/Foto-2-300x229.jpeg 300w, https:\/\/servinfo.com.uy\/wp-content\/uploads\/2021\/12\/Foto-2-768x585.jpeg 768w, https:\/\/servinfo.com.uy\/wp-content\/uploads\/2021\/12\/Foto-2-720x549.jpeg 720w, https:\/\/servinfo.com.uy\/wp-content\/uploads\/2021\/12\/Foto-2.jpeg 1233w\" sizes=\"(max-width: 1024px) 100vw, 1024px\" \/>\t\t\t\t\t\t\t\t\t\t\t\t\t\t\t<\/div>\n\t\t\t\t<\/div>\n\t\t\t\t\t<\/div>\n\t\t<\/div>\n\t\t\t\t<div class=\"elementor-column elementor-col-50 elementor-top-column elementor-element elementor-element-3725804 ot-flex-column-vertical\" data-id=\"3725804\" data-element_type=\"column\">\n\t\t\t<div class=\"elementor-widget-wrap elementor-element-populated\">\n\t\t\t\t\t\t<div class=\"elementor-element elementor-element-8a5ab13 elementor-widget elementor-widget-iheading\" data-id=\"8a5ab13\" data-element_type=\"widget\" data-widget_type=\"iheading.default\">\n\t\t\t\t<div class=\"elementor-widget-container\">\n\t\t\t\t\t\t\t<div class=\"ot-heading\">\r\n\t        <h2 class=\"main-heading\">Sistema de medici\u00f3n de temperatura mediante im\u00e1genes t\u00e9rmicas de ultra precisi\u00f3n<\/h2>\t    <\/div>\r\n\t    \t\t\t\t<\/div>\n\t\t\t\t<\/div>\n\t\t\t\t<div class=\"elementor-element elementor-element-9c78d17 elementor-widget elementor-widget-text-editor\" data-id=\"9c78d17\" data-element_type=\"widget\" data-widget_type=\"text-editor.default\">\n\t\t\t\t<div class=\"elementor-widget-container\">\n\t\t\t\t\t\t\t\t\t<p><span style=\"font-weight: 400;\">Ante la problem\u00e1tica de salud surgida en la actualidad, presentamos una soluci\u00f3n basada en c\u00e1maras t\u00e9rmicas, an\u00e1lisis certero de la temperatura corporal de las personas, permite identificar r\u00e1pidamente temperatura corporal an\u00f3malas. Con esta herramienta contamos con informaci\u00f3n visual y en tiempo real, pudiendo controlar grandes flujos de personas en poco tiempo,mejorando la seguridad.<\/span><\/p><p><span style=\"font-weight: 400;\">C\u00d3MO FUNCIONA<\/span><\/p><p><span style=\"font-weight: 400;\">Se instala el kit con c\u00e1mara t\u00e9rmica\u00a0que identifica temperaturas anormales y dispara una alarma. La persona detectada con temperatura corporal an\u00f3mala, pasa a una zona de re-inspecci\u00f3n manual. De esta forma se mejora la eficiencia del personal de seguridad o salud.<\/span><\/p><p><b>\u00a0<\/b><span style=\"font-weight: 400;\">ALGUNAS CARACTER\u00cdSTICAS<\/span><\/p><ul><li style=\"font-weight: 400;\" aria-level=\"1\"><span style=\"font-weight: 400;\">Detecci\u00f3n de temperatura sin contacto, detecci\u00f3n r\u00e1pida<\/span><\/li><li style=\"font-weight: 400;\" aria-level=\"1\"><span style=\"font-weight: 400;\">Larga distancia, amplia cobertura y detecci\u00f3n de m\u00faltiples personas<\/span><\/li><li style=\"font-weight: 400;\" aria-level=\"1\"><span style=\"font-weight: 400;\">Alta Precisi\u00f3n \u00b10.3<\/span><span style=\"font-weight: 400;\">\u2103<\/span><\/li><li style=\"font-weight: 400;\" aria-level=\"1\"><span style=\"font-weight: 400;\">Se puede aplicar a escenarios peque\u00f1os como entradas y salidas<\/span><\/li><li style=\"font-weight: 400;\" aria-level=\"1\"><span style=\"font-weight: 400;\">Y tambi\u00e9n en escenarios grandes como aeropuertos, estaciones de \u00f3mnibus, f\u00e1bricas, colegios, centros de salud con personal denso<\/span><\/li><li style=\"font-weight: 400;\" aria-level=\"1\"><span style=\"font-weight: 400;\">Adaptabilidad r\u00e1pida<\/span><\/li><\/ul><p><a href=\"https:\/\/servinfo.com.uy\/index.php\/contacto\/\"><span style=\"font-weight: 400;\">Por m\u00e1s informaci\u00f3n cont\u00e1ctenos<\/span><\/a><\/p>\t\t\t\t\t\t\t\t<\/div>\n\t\t\t\t<\/div>\n\t\t\t\t\t<\/div>\n\t\t<\/div>\n\t\t\t\t\t<\/div>\n\t\t<\/section>\n\t\t\t\t<section class=\"elementor-section elementor-top-section elementor-element elementor-element-7739696 elementor-section-content-middle ot-traditional elementor-section-boxed elementor-section-height-default elementor-section-height-default\" data-id=\"7739696\" data-element_type=\"section\" data-settings=\"{&quot;background_background&quot;:&quot;classic&quot;}\">\n\t\t\t\t\t\t<div class=\"elementor-container elementor-column-gap-extended\">\n\t\t\t\t\t<div class=\"elementor-column elementor-col-50 elementor-top-column elementor-element elementor-element-b192d52 ot-flex-column-vertical\" data-id=\"b192d52\" data-element_type=\"column\">\n\t\t\t<div class=\"elementor-widget-wrap elementor-element-populated\">\n\t\t\t\t\t\t<div class=\"elementor-element elementor-element-d136c22 elementor-widget elementor-widget-iheading\" data-id=\"d136c22\" data-element_type=\"widget\" data-widget_type=\"iheading.default\">\n\t\t\t\t<div class=\"elementor-widget-container\">\n\t\t\t\t\t\t\t<div class=\"ot-heading\">\r\n\t        <h2 class=\"main-heading\">Internet de las cosas<\/h2>\t    <\/div>\r\n\t    \t\t\t\t<\/div>\n\t\t\t\t<\/div>\n\t\t\t\t<div class=\"elementor-element elementor-element-7922763 elementor-widget elementor-widget-text-editor\" data-id=\"7922763\" data-element_type=\"widget\" data-widget_type=\"text-editor.default\">\n\t\t\t\t<div class=\"elementor-widget-container\">\n\t\t\t\t\t\t\t\t\t<p><span style=\"font-weight: 400;\">Constituye un cambio radical en la calidad de vida de las personas en la\u00a0sociedad, ofrece una gran cantidad de nuevas oportunidades de acceso a datos, servicios espec\u00edficos en la\u00a0educaci\u00f3n, seguridad, asistencia sanitaria y en el\u00a0transporte, entre otros campos.<\/span><\/p><p><span style=\"font-weight: 400;\">Desarrollo de proyectos innovadores utilizando redes inal\u00e1mbricas, dispositivos, sensores y aplicaciones para analizar el funcionamiento de objetos y el comportamiento de personas o animales. Esto permite registrar y analizar datos con el objetivo de brindar nuevos servicios para mejorar la productividad, la eficiencia en el uso de recursos y la calidad de vida de las personas.<\/span><\/p><p><a href=\"https:\/\/servinfo.com.uy\/index.php\/contacto\/\"><span style=\"font-weight: 400;\">Por m\u00e1s informaci\u00f3n cont\u00e1ctenos<\/span><\/a><\/p>\t\t\t\t\t\t\t\t<\/div>\n\t\t\t\t<\/div>\n\t\t\t\t\t<\/div>\n\t\t<\/div>\n\t\t\t\t<div class=\"elementor-column elementor-col-50 elementor-top-column elementor-element elementor-element-edafe08 ot-flex-column-vertical\" data-id=\"edafe08\" data-element_type=\"column\">\n\t\t\t<div class=\"elementor-widget-wrap elementor-element-populated\">\n\t\t\t\t\t\t<div class=\"elementor-element elementor-element-c65dbcb elementor-widget elementor-widget-image\" data-id=\"c65dbcb\" data-element_type=\"widget\" data-widget_type=\"image.default\">\n\t\t\t\t<div class=\"elementor-widget-container\">\n\t\t\t\t\t\t\t\t\t\t\t\t\t\t\t<img decoding=\"async\" width=\"1024\" height=\"681\" src=\"https:\/\/servinfo.com.uy\/wp-content\/uploads\/2021\/12\/Foto-3-1024x681.jpg\" class=\"attachment-large size-large wp-image-5396\" alt=\"\" srcset=\"https:\/\/servinfo.com.uy\/wp-content\/uploads\/2021\/12\/Foto-3-1024x681.jpg 1024w, https:\/\/servinfo.com.uy\/wp-content\/uploads\/2021\/12\/Foto-3-300x200.jpg 300w, https:\/\/servinfo.com.uy\/wp-content\/uploads\/2021\/12\/Foto-3-768x511.jpg 768w, https:\/\/servinfo.com.uy\/wp-content\/uploads\/2021\/12\/Foto-3-1536x1022.jpg 1536w, https:\/\/servinfo.com.uy\/wp-content\/uploads\/2021\/12\/Foto-3-2048x1362.jpg 2048w, https:\/\/servinfo.com.uy\/wp-content\/uploads\/2021\/12\/Foto-3-720x479.jpg 720w\" sizes=\"(max-width: 1024px) 100vw, 1024px\" \/>\t\t\t\t\t\t\t\t\t\t\t\t\t\t\t<\/div>\n\t\t\t\t<\/div>\n\t\t\t\t\t<\/div>\n\t\t<\/div>\n\t\t\t\t\t<\/div>\n\t\t<\/section>\n\t\t\t\t<\/div>\n\t\t","protected":false},"excerpt":{"rendered":"<p>En Servinfo generamos soluciones innovadoras, utilizando tecnolog\u00eda de punta, para ayudar a nuestros clientes a evolucionar y transformar tanto las organizaciones p\u00fablicas como las empresas privadas. Video anal\u00edtica Sistema de control de acceso con medici\u00f3n de temperatura y reconocimiento facial Una soluci\u00f3n para la verificaci\u00f3n de temperatura corporal de forma \u00e1gil y segura para su [&hellip;]<\/p>\n","protected":false},"author":1,"featured_media":0,"parent":0,"menu_order":0,"comment_status":"closed","ping_status":"closed","template":"","meta":{"footnotes":""},"class_list":["post-5389","page","type-page","status-publish","hentry"],"yoast_head":"<!-- This site is optimized with the Yoast SEO plugin v27.4 - https:\/\/yoast.com\/product\/yoast-seo-wordpress\/ -->\n<title>Innovaci\u00f3n Tecnol\u00f3gica - Servinfo<\/title>\n<meta name=\"robots\" content=\"index, follow, max-snippet:-1, max-image-preview:large, max-video-preview:-1\" \/>\n<link rel=\"canonical\" href=\"https:\/\/servinfo.com.uy\/index.php\/innovacion-tecnologica\/\" \/>\n<meta property=\"og:locale\" content=\"es_ES\" \/>\n<meta property=\"og:type\" content=\"article\" \/>\n<meta property=\"og:title\" content=\"Innovaci\u00f3n Tecnol\u00f3gica - Servinfo\" \/>\n<meta property=\"og:description\" content=\"En Servinfo generamos soluciones innovadoras, utilizando tecnolog\u00eda de punta, para ayudar a nuestros clientes a evolucionar y transformar tanto las organizaciones p\u00fablicas como las empresas privadas. Video anal\u00edtica Sistema de control de acceso con medici\u00f3n de temperatura y reconocimiento facial Una soluci\u00f3n para la verificaci\u00f3n de temperatura corporal de forma \u00e1gil y segura para su [&hellip;]\" \/>\n<meta property=\"og:url\" content=\"https:\/\/servinfo.com.uy\/index.php\/innovacion-tecnologica\/\" \/>\n<meta property=\"og:site_name\" content=\"Servinfo\" \/>\n<meta property=\"article:publisher\" content=\"https:\/\/www.facebook.com\/lidefoxsa.uruguay\" \/>\n<meta property=\"article:modified_time\" content=\"2022-01-23T03:30:05+00:00\" \/>\n<meta property=\"og:image\" content=\"https:\/\/servinfo.com.uy\/wp-content\/uploads\/2021\/12\/Foto-1-1024x683.jpeg\" \/>\n<meta name=\"twitter:card\" content=\"summary_large_image\" \/>\n<meta name=\"twitter:site\" content=\"@ServinfoUruguay\" \/>\n<meta name=\"twitter:label1\" content=\"Est. reading time\" \/>\n\t<meta name=\"twitter:data1\" content=\"2 minutos\" \/>\n<script type=\"application\/ld+json\" class=\"yoast-schema-graph\">{\"@context\":\"https:\\\/\\\/schema.org\",\"@graph\":[{\"@type\":\"WebPage\",\"@id\":\"https:\\\/\\\/servinfo.com.uy\\\/index.php\\\/innovacion-tecnologica\\\/\",\"url\":\"https:\\\/\\\/servinfo.com.uy\\\/index.php\\\/innovacion-tecnologica\\\/\",\"name\":\"Innovaci\u00f3n Tecnol\u00f3gica - Servinfo\",\"isPartOf\":{\"@id\":\"https:\\\/\\\/servinfo.com.uy\\\/#website\"},\"primaryImageOfPage\":{\"@id\":\"https:\\\/\\\/servinfo.com.uy\\\/index.php\\\/innovacion-tecnologica\\\/#primaryimage\"},\"image\":{\"@id\":\"https:\\\/\\\/servinfo.com.uy\\\/index.php\\\/innovacion-tecnologica\\\/#primaryimage\"},\"thumbnailUrl\":\"https:\\\/\\\/servinfo.com.uy\\\/wp-content\\\/uploads\\\/2021\\\/12\\\/Foto-1-1024x683.jpeg\",\"datePublished\":\"2021-12-19T23:55:33+00:00\",\"dateModified\":\"2022-01-23T03:30:05+00:00\",\"breadcrumb\":{\"@id\":\"https:\\\/\\\/servinfo.com.uy\\\/index.php\\\/innovacion-tecnologica\\\/#breadcrumb\"},\"inLanguage\":\"es-UY\",\"potentialAction\":[{\"@type\":\"ReadAction\",\"target\":[\"https:\\\/\\\/servinfo.com.uy\\\/index.php\\\/innovacion-tecnologica\\\/\"]}]},{\"@type\":\"ImageObject\",\"inLanguage\":\"es-UY\",\"@id\":\"https:\\\/\\\/servinfo.com.uy\\\/index.php\\\/innovacion-tecnologica\\\/#primaryimage\",\"url\":\"https:\\\/\\\/servinfo.com.uy\\\/wp-content\\\/uploads\\\/2021\\\/12\\\/Foto-1.jpeg\",\"contentUrl\":\"https:\\\/\\\/servinfo.com.uy\\\/wp-content\\\/uploads\\\/2021\\\/12\\\/Foto-1.jpeg\",\"width\":1500,\"height\":1000},{\"@type\":\"BreadcrumbList\",\"@id\":\"https:\\\/\\\/servinfo.com.uy\\\/index.php\\\/innovacion-tecnologica\\\/#breadcrumb\",\"itemListElement\":[{\"@type\":\"ListItem\",\"position\":1,\"name\":\"Home\",\"item\":\"https:\\\/\\\/servinfo.com.uy\\\/\"},{\"@type\":\"ListItem\",\"position\":2,\"name\":\"Innovaci\u00f3n Tecnol\u00f3gica\"}]},{\"@type\":\"WebSite\",\"@id\":\"https:\\\/\\\/servinfo.com.uy\\\/#website\",\"url\":\"https:\\\/\\\/servinfo.com.uy\\\/\",\"name\":\"Servinfo\",\"description\":\"Soluciones Tecnol\u00f3gicas\",\"publisher\":{\"@id\":\"https:\\\/\\\/servinfo.com.uy\\\/#organization\"},\"potentialAction\":[{\"@type\":\"SearchAction\",\"target\":{\"@type\":\"EntryPoint\",\"urlTemplate\":\"https:\\\/\\\/servinfo.com.uy\\\/?s={search_term_string}\"},\"query-input\":{\"@type\":\"PropertyValueSpecification\",\"valueRequired\":true,\"valueName\":\"search_term_string\"}}],\"inLanguage\":\"es-UY\"},{\"@type\":\"Organization\",\"@id\":\"https:\\\/\\\/servinfo.com.uy\\\/#organization\",\"name\":\"Servinfo Soluciones Tecnol\u00f3gicas\",\"url\":\"https:\\\/\\\/servinfo.com.uy\\\/\",\"logo\":{\"@type\":\"ImageObject\",\"inLanguage\":\"es-UY\",\"@id\":\"https:\\\/\\\/servinfo.com.uy\\\/#\\\/schema\\\/logo\\\/image\\\/\",\"url\":\"https:\\\/\\\/servinfo.com.uy\\\/wp-content\\\/uploads\\\/2020\\\/09\\\/Artboard-2.png\",\"contentUrl\":\"https:\\\/\\\/servinfo.com.uy\\\/wp-content\\\/uploads\\\/2020\\\/09\\\/Artboard-2.png\",\"width\":615,\"height\":169,\"caption\":\"Servinfo Soluciones Tecnol\u00f3gicas\"},\"image\":{\"@id\":\"https:\\\/\\\/servinfo.com.uy\\\/#\\\/schema\\\/logo\\\/image\\\/\"},\"sameAs\":[\"https:\\\/\\\/www.facebook.com\\\/lidefoxsa.uruguay\",\"https:\\\/\\\/x.com\\\/ServinfoUruguay\",\"https:\\\/\\\/www.instagram.com\\\/servinfouruguay\\\/?hl=en\",\"https:\\\/\\\/uy.linkedin.com\\\/company\\\/servinfo\"]}]}<\/script>\n<!-- \/ Yoast SEO plugin. -->","yoast_head_json":{"title":"Innovaci\u00f3n Tecnol\u00f3gica - Servinfo","robots":{"index":"index","follow":"follow","max-snippet":"max-snippet:-1","max-image-preview":"max-image-preview:large","max-video-preview":"max-video-preview:-1"},"canonical":"https:\/\/servinfo.com.uy\/index.php\/innovacion-tecnologica\/","og_locale":"es_ES","og_type":"article","og_title":"Innovaci\u00f3n Tecnol\u00f3gica - Servinfo","og_description":"En Servinfo generamos soluciones innovadoras, utilizando tecnolog\u00eda de punta, para ayudar a nuestros clientes a evolucionar y transformar tanto las organizaciones p\u00fablicas como las empresas privadas. Video anal\u00edtica Sistema de control de acceso con medici\u00f3n de temperatura y reconocimiento facial Una soluci\u00f3n para la verificaci\u00f3n de temperatura corporal de forma \u00e1gil y segura para su [&hellip;]","og_url":"https:\/\/servinfo.com.uy\/index.php\/innovacion-tecnologica\/","og_site_name":"Servinfo","article_publisher":"https:\/\/www.facebook.com\/lidefoxsa.uruguay","article_modified_time":"2022-01-23T03:30:05+00:00","og_image":[{"url":"https:\/\/servinfo.com.uy\/wp-content\/uploads\/2021\/12\/Foto-1-1024x683.jpeg","type":"","width":"","height":""}],"twitter_card":"summary_large_image","twitter_site":"@ServinfoUruguay","twitter_misc":{"Est. reading time":"2 minutos"},"schema":{"@context":"https:\/\/schema.org","@graph":[{"@type":"WebPage","@id":"https:\/\/servinfo.com.uy\/index.php\/innovacion-tecnologica\/","url":"https:\/\/servinfo.com.uy\/index.php\/innovacion-tecnologica\/","name":"Innovaci\u00f3n Tecnol\u00f3gica - Servinfo","isPartOf":{"@id":"https:\/\/servinfo.com.uy\/#website"},"primaryImageOfPage":{"@id":"https:\/\/servinfo.com.uy\/index.php\/innovacion-tecnologica\/#primaryimage"},"image":{"@id":"https:\/\/servinfo.com.uy\/index.php\/innovacion-tecnologica\/#primaryimage"},"thumbnailUrl":"https:\/\/servinfo.com.uy\/wp-content\/uploads\/2021\/12\/Foto-1-1024x683.jpeg","datePublished":"2021-12-19T23:55:33+00:00","dateModified":"2022-01-23T03:30:05+00:00","breadcrumb":{"@id":"https:\/\/servinfo.com.uy\/index.php\/innovacion-tecnologica\/#breadcrumb"},"inLanguage":"es-UY","potentialAction":[{"@type":"ReadAction","target":["https:\/\/servinfo.com.uy\/index.php\/innovacion-tecnologica\/"]}]},{"@type":"ImageObject","inLanguage":"es-UY","@id":"https:\/\/servinfo.com.uy\/index.php\/innovacion-tecnologica\/#primaryimage","url":"https:\/\/servinfo.com.uy\/wp-content\/uploads\/2021\/12\/Foto-1.jpeg","contentUrl":"https:\/\/servinfo.com.uy\/wp-content\/uploads\/2021\/12\/Foto-1.jpeg","width":1500,"height":1000},{"@type":"BreadcrumbList","@id":"https:\/\/servinfo.com.uy\/index.php\/innovacion-tecnologica\/#breadcrumb","itemListElement":[{"@type":"ListItem","position":1,"name":"Home","item":"https:\/\/servinfo.com.uy\/"},{"@type":"ListItem","position":2,"name":"Innovaci\u00f3n Tecnol\u00f3gica"}]},{"@type":"WebSite","@id":"https:\/\/servinfo.com.uy\/#website","url":"https:\/\/servinfo.com.uy\/","name":"Servinfo","description":"Soluciones Tecnol\u00f3gicas","publisher":{"@id":"https:\/\/servinfo.com.uy\/#organization"},"potentialAction":[{"@type":"SearchAction","target":{"@type":"EntryPoint","urlTemplate":"https:\/\/servinfo.com.uy\/?s={search_term_string}"},"query-input":{"@type":"PropertyValueSpecification","valueRequired":true,"valueName":"search_term_string"}}],"inLanguage":"es-UY"},{"@type":"Organization","@id":"https:\/\/servinfo.com.uy\/#organization","name":"Servinfo Soluciones Tecnol\u00f3gicas","url":"https:\/\/servinfo.com.uy\/","logo":{"@type":"ImageObject","inLanguage":"es-UY","@id":"https:\/\/servinfo.com.uy\/#\/schema\/logo\/image\/","url":"https:\/\/servinfo.com.uy\/wp-content\/uploads\/2020\/09\/Artboard-2.png","contentUrl":"https:\/\/servinfo.com.uy\/wp-content\/uploads\/2020\/09\/Artboard-2.png","width":615,"height":169,"caption":"Servinfo Soluciones Tecnol\u00f3gicas"},"image":{"@id":"https:\/\/servinfo.com.uy\/#\/schema\/logo\/image\/"},"sameAs":["https:\/\/www.facebook.com\/lidefoxsa.uruguay","https:\/\/x.com\/ServinfoUruguay","https:\/\/www.instagram.com\/servinfouruguay\/?hl=en","https:\/\/uy.linkedin.com\/company\/servinfo"]}]}},"_links":{"self":[{"href":"https:\/\/servinfo.com.uy\/index.php\/wp-json\/wp\/v2\/pages\/5389","targetHints":{"allow":["GET"]}}],"collection":[{"href":"https:\/\/servinfo.com.uy\/index.php\/wp-json\/wp\/v2\/pages"}],"about":[{"href":"https:\/\/servinfo.com.uy\/index.php\/wp-json\/wp\/v2\/types\/page"}],"author":[{"embeddable":true,"href":"https:\/\/servinfo.com.uy\/index.php\/wp-json\/wp\/v2\/users\/1"}],"replies":[{"embeddable":true,"href":"https:\/\/servinfo.com.uy\/index.php\/wp-json\/wp\/v2\/comments?post=5389"}],"version-history":[{"count":28,"href":"https:\/\/servinfo.com.uy\/index.php\/wp-json\/wp\/v2\/pages\/5389\/revisions"}],"predecessor-version":[{"id":5830,"href":"https:\/\/servinfo.com.uy\/index.php\/wp-json\/wp\/v2\/pages\/5389\/revisions\/5830"}],"wp:attachment":[{"href":"https:\/\/servinfo.com.uy\/index.php\/wp-json\/wp\/v2\/media?parent=5389"}],"curies":[{"name":"wp","href":"https:\/\/api.w.org\/{rel}","templated":true}]}}