{"id":1579,"date":"2020-01-09T04:10:53","date_gmt":"2020-01-09T04:10:53","guid":{"rendered":"http:\/\/wpdemo.archiwp.com\/engitech\/?page_id=1579"},"modified":"2022-01-23T03:25:20","modified_gmt":"2022-01-23T03:25:20","slug":"sobre-nosotros","status":"publish","type":"page","link":"https:\/\/servinfo.com.uy\/index.php\/sobre-nosotros\/","title":{"rendered":"Sobre nosotros"},"content":{"rendered":"\t\t<div data-elementor-type=\"wp-page\" data-elementor-id=\"1579\" class=\"elementor elementor-1579\">\n\t\t\t\t\t\t<section class=\"elementor-section elementor-top-section elementor-element elementor-element-7f3cbd8 elementor-section-content-middle ot-traditional elementor-section-boxed elementor-section-height-default elementor-section-height-default\" data-id=\"7f3cbd8\" data-element_type=\"section\" data-settings=\"{&quot;background_background&quot;:&quot;classic&quot;}\">\n\t\t\t\t\t\t<div class=\"elementor-container elementor-column-gap-extended\">\n\t\t\t\t\t<div class=\"elementor-column elementor-col-50 elementor-top-column elementor-element elementor-element-9fc2569 ot-flex-column-vertical\" data-id=\"9fc2569\" data-element_type=\"column\">\n\t\t\t<div class=\"elementor-widget-wrap elementor-element-populated\">\n\t\t\t\t\t\t<div class=\"elementor-element elementor-element-925ee15 elementor-widget elementor-widget-iheading\" data-id=\"925ee15\" data-element_type=\"widget\" data-widget_type=\"iheading.default\">\n\t\t\t\t<div class=\"elementor-widget-container\">\n\t\t\t\t\t\t\t<div class=\"ot-heading\">\r\n\t        <h2 class=\"main-heading\">Qui\u00e9nes somos<\/h2>\t    <\/div>\r\n\t    \t\t\t\t<\/div>\n\t\t\t\t<\/div>\n\t\t\t\t<div class=\"elementor-element elementor-element-5f326aa elementor-widget elementor-widget-text-editor\" data-id=\"5f326aa\" data-element_type=\"widget\" data-widget_type=\"text-editor.default\">\n\t\t\t\t<div class=\"elementor-widget-container\">\n\t\t\t\t\t\t\t\t\t<p>Somos una empresa de tecnologi\u0301as de la informacio\u0301n y desarrollo de soluciones integrales.<\/p><p><br \/>Estamos comprometidos con el desarrollo sostenido de nuestros recursos humanos y con un fuerte compromiso en responsabilidad social.<\/p><p>Contamos con ma\u0301s de 20 an\u0303os de experiencia en el mercado, brindando diversos servicios a nuestros clientes.<\/p><p>Continuamente desarrollamos nuevas y mejores metodologi\u0301as de trabajo, investigamos las u\u0301ltimas tecnologi\u0301as y desarrollamos mejores pra\u0301cticas.<\/p>\t\t\t\t\t\t\t\t<\/div>\n\t\t\t\t<\/div>\n\t\t\t\t\t<\/div>\n\t\t<\/div>\n\t\t\t\t<div class=\"elementor-column elementor-col-50 elementor-top-column elementor-element elementor-element-7564da8 ot-flex-column-vertical\" data-id=\"7564da8\" data-element_type=\"column\">\n\t\t\t<div class=\"elementor-widget-wrap elementor-element-populated\">\n\t\t\t\t\t\t<div class=\"elementor-element elementor-element-f3020af elementor-hidden-mobile elementor-widget elementor-widget-image\" data-id=\"f3020af\" data-element_type=\"widget\" data-widget_type=\"image.default\">\n\t\t\t\t<div class=\"elementor-widget-container\">\n\t\t\t\t\t\t\t\t\t\t\t\t\t\t\t<img fetchpriority=\"high\" decoding=\"async\" width=\"800\" height=\"509\" src=\"https:\/\/servinfo.com.uy\/wp-content\/uploads\/2021\/12\/QuienesSomos.jpg\" class=\"attachment-large size-large wp-image-5664\" alt=\"\" srcset=\"https:\/\/servinfo.com.uy\/wp-content\/uploads\/2021\/12\/QuienesSomos.jpg 800w, https:\/\/servinfo.com.uy\/wp-content\/uploads\/2021\/12\/QuienesSomos-300x191.jpg 300w, https:\/\/servinfo.com.uy\/wp-content\/uploads\/2021\/12\/QuienesSomos-768x489.jpg 768w, https:\/\/servinfo.com.uy\/wp-content\/uploads\/2021\/12\/QuienesSomos-720x458.jpg 720w\" sizes=\"(max-width: 800px) 100vw, 800px\" \/>\t\t\t\t\t\t\t\t\t\t\t\t\t\t\t<\/div>\n\t\t\t\t<\/div>\n\t\t\t\t\t<\/div>\n\t\t<\/div>\n\t\t\t\t\t<\/div>\n\t\t<\/section>\n\t\t\t\t<section class=\"elementor-section elementor-top-section elementor-element elementor-element-bddba6f elementor-section-content-middle ot-traditional elementor-section-boxed elementor-section-height-default elementor-section-height-default\" data-id=\"bddba6f\" data-element_type=\"section\" data-settings=\"{&quot;background_background&quot;:&quot;classic&quot;}\">\n\t\t\t\t\t\t<div class=\"elementor-container elementor-column-gap-extended\">\n\t\t\t\t\t<div class=\"elementor-column elementor-col-50 elementor-top-column elementor-element elementor-element-af87064 ot-flex-column-vertical\" data-id=\"af87064\" data-element_type=\"column\">\n\t\t\t<div class=\"elementor-widget-wrap elementor-element-populated\">\n\t\t\t\t\t\t<div class=\"elementor-element elementor-element-f75e7d3 elementor-widget elementor-widget-image\" data-id=\"f75e7d3\" data-element_type=\"widget\" data-widget_type=\"image.default\">\n\t\t\t\t<div class=\"elementor-widget-container\">\n\t\t\t\t\t\t\t\t\t\t\t\t\t\t\t<img decoding=\"async\" width=\"800\" height=\"533\" src=\"https:\/\/servinfo.com.uy\/wp-content\/uploads\/2021\/12\/Propuesta-de-Valor.jpg\" class=\"attachment-large size-large wp-image-5666\" alt=\"\" srcset=\"https:\/\/servinfo.com.uy\/wp-content\/uploads\/2021\/12\/Propuesta-de-Valor.jpg 800w, https:\/\/servinfo.com.uy\/wp-content\/uploads\/2021\/12\/Propuesta-de-Valor-300x200.jpg 300w, https:\/\/servinfo.com.uy\/wp-content\/uploads\/2021\/12\/Propuesta-de-Valor-768x512.jpg 768w, https:\/\/servinfo.com.uy\/wp-content\/uploads\/2021\/12\/Propuesta-de-Valor-720x480.jpg 720w\" sizes=\"(max-width: 800px) 100vw, 800px\" \/>\t\t\t\t\t\t\t\t\t\t\t\t\t\t\t<\/div>\n\t\t\t\t<\/div>\n\t\t\t\t\t<\/div>\n\t\t<\/div>\n\t\t\t\t<div class=\"elementor-column elementor-col-50 elementor-top-column elementor-element elementor-element-3725804 ot-flex-column-vertical\" data-id=\"3725804\" data-element_type=\"column\">\n\t\t\t<div class=\"elementor-widget-wrap elementor-element-populated\">\n\t\t\t\t\t\t<div class=\"elementor-element elementor-element-8a5ab13 elementor-widget elementor-widget-iheading\" data-id=\"8a5ab13\" data-element_type=\"widget\" data-widget_type=\"iheading.default\">\n\t\t\t\t<div class=\"elementor-widget-container\">\n\t\t\t\t\t\t\t<div class=\"ot-heading\">\r\n\t        <h2 class=\"main-heading\">Propuesta de valor<\/h2>\t    <\/div>\r\n\t    \t\t\t\t<\/div>\n\t\t\t\t<\/div>\n\t\t\t\t<div class=\"elementor-element elementor-element-9c78d17 elementor-widget elementor-widget-text-editor\" data-id=\"9c78d17\" data-element_type=\"widget\" data-widget_type=\"text-editor.default\">\n\t\t\t\t<div class=\"elementor-widget-container\">\n\t\t\t\t\t\t\t\t\t<p><span style=\"font-weight: 400;\">Nuestro e\u0301xito se basa en que ofrecemos soluciones tecnolo\u0301gicas a medida, nos enfocamos en comprender la realidad y las necesidades de cada uno de nuestros clientes, para proponerles respuestas pra\u0301cticas y eficaces adaptadas a las mismas.<\/span><\/p><p>Brindamos la m\u00e1s alta calidad en nuestros servicios, contamos con personal capacitado y con amplia experiencia y desarrollamos soluciones con productos de las marcas m\u00e1s reconocidas mundialmente.<\/p>\t\t\t\t\t\t\t\t<\/div>\n\t\t\t\t<\/div>\n\t\t\t\t\t<\/div>\n\t\t<\/div>\n\t\t\t\t\t<\/div>\n\t\t<\/section>\n\t\t\t\t<section class=\"elementor-section elementor-top-section elementor-element elementor-element-7739696 elementor-section-content-middle ot-traditional elementor-section-boxed elementor-section-height-default elementor-section-height-default\" data-id=\"7739696\" data-element_type=\"section\" data-settings=\"{&quot;background_background&quot;:&quot;classic&quot;}\">\n\t\t\t\t\t\t<div class=\"elementor-container elementor-column-gap-extended\">\n\t\t\t\t\t<div class=\"elementor-column elementor-col-50 elementor-top-column elementor-element elementor-element-b192d52 ot-flex-column-vertical\" data-id=\"b192d52\" data-element_type=\"column\">\n\t\t\t<div class=\"elementor-widget-wrap elementor-element-populated\">\n\t\t\t\t\t\t<div class=\"elementor-element elementor-element-d136c22 elementor-widget elementor-widget-iheading\" data-id=\"d136c22\" data-element_type=\"widget\" data-widget_type=\"iheading.default\">\n\t\t\t\t<div class=\"elementor-widget-container\">\n\t\t\t\t\t\t\t<div class=\"ot-heading\">\r\n\t        <h2 class=\"main-heading\">\u00bfQu\u00e9 hacemos? <\/h2>\t    <\/div>\r\n\t    \t\t\t\t<\/div>\n\t\t\t\t<\/div>\n\t\t\t\t<div class=\"elementor-element elementor-element-7922763 elementor-widget elementor-widget-text-editor\" data-id=\"7922763\" data-element_type=\"widget\" data-widget_type=\"text-editor.default\">\n\t\t\t\t<div class=\"elementor-widget-container\">\n\t\t\t\t\t\t\t\t\t<p>Somos una empresa dedicada a la prestacio\u0301n de servicios de alto valor an\u0303adido en Tecnologi\u0301as y Sistemas de Informacio\u0301n (TI\/SI) en las a\u0301reas de consultori\u0301a, soporte te\u0301cnico e implementacio\u0301n de soluciones.<br \/>Implementamos soluciones tecnol\u00f3gicas que pueden incluir equipamiento y software, instalaci\u00f3n y configuraci\u00f3n de los mismos.<\/p><p>Luego de la puesta en funcionamiento de estas soluciones se ofrece el servicio de mantenimiento y soporte t\u00e9cnico, para contar con el respaldo de Servinfo, con capacidad de respuesta 24 horas por 7 d\u00edas a la semana. Contamos con la m\u00e1s amplia cobertura a nivel nacional, para llegar a todos los puntos del pa\u00eds.<\/p>\t\t\t\t\t\t\t\t<\/div>\n\t\t\t\t<\/div>\n\t\t\t\t\t<\/div>\n\t\t<\/div>\n\t\t\t\t<div class=\"elementor-column elementor-col-50 elementor-top-column elementor-element elementor-element-edafe08 ot-flex-column-vertical\" data-id=\"edafe08\" data-element_type=\"column\">\n\t\t\t<div class=\"elementor-widget-wrap elementor-element-populated\">\n\t\t\t\t\t\t<div class=\"elementor-element elementor-element-3348715 elementor-hidden-mobile elementor-widget elementor-widget-image\" data-id=\"3348715\" data-element_type=\"widget\" data-widget_type=\"image.default\">\n\t\t\t\t<div class=\"elementor-widget-container\">\n\t\t\t\t\t\t\t\t\t\t\t\t\t\t\t<img decoding=\"async\" width=\"800\" height=\"533\" src=\"https:\/\/servinfo.com.uy\/wp-content\/uploads\/2021\/12\/QueHacemos.jpg\" class=\"attachment-large size-large wp-image-5667\" alt=\"\" srcset=\"https:\/\/servinfo.com.uy\/wp-content\/uploads\/2021\/12\/QueHacemos.jpg 800w, https:\/\/servinfo.com.uy\/wp-content\/uploads\/2021\/12\/QueHacemos-300x200.jpg 300w, https:\/\/servinfo.com.uy\/wp-content\/uploads\/2021\/12\/QueHacemos-768x512.jpg 768w, https:\/\/servinfo.com.uy\/wp-content\/uploads\/2021\/12\/QueHacemos-720x480.jpg 720w\" sizes=\"(max-width: 800px) 100vw, 800px\" \/>\t\t\t\t\t\t\t\t\t\t\t\t\t\t\t<\/div>\n\t\t\t\t<\/div>\n\t\t\t\t\t<\/div>\n\t\t<\/div>\n\t\t\t\t\t<\/div>\n\t\t<\/section>\n\t\t\t\t<section class=\"elementor-section elementor-top-section elementor-element elementor-element-86d576e elementor-section-content-middle ot-traditional elementor-section-boxed elementor-section-height-default elementor-section-height-default\" data-id=\"86d576e\" data-element_type=\"section\" data-settings=\"{&quot;background_background&quot;:&quot;classic&quot;}\">\n\t\t\t\t\t\t<div class=\"elementor-container elementor-column-gap-extended\">\n\t\t\t\t\t<div class=\"elementor-column elementor-col-50 elementor-top-column elementor-element elementor-element-77414d4 ot-flex-column-vertical\" data-id=\"77414d4\" data-element_type=\"column\">\n\t\t\t<div class=\"elementor-widget-wrap elementor-element-populated\">\n\t\t\t\t\t\t<div class=\"elementor-element elementor-element-0413d6a elementor-widget elementor-widget-image\" data-id=\"0413d6a\" data-element_type=\"widget\" data-widget_type=\"image.default\">\n\t\t\t\t<div class=\"elementor-widget-container\">\n\t\t\t\t\t\t\t\t\t\t\t\t\t\t\t<img loading=\"lazy\" decoding=\"async\" width=\"800\" height=\"533\" src=\"https:\/\/servinfo.com.uy\/wp-content\/uploads\/2021\/12\/Objetivos.jpg\" class=\"attachment-large size-large wp-image-5665\" alt=\"\" srcset=\"https:\/\/servinfo.com.uy\/wp-content\/uploads\/2021\/12\/Objetivos.jpg 800w, https:\/\/servinfo.com.uy\/wp-content\/uploads\/2021\/12\/Objetivos-300x200.jpg 300w, https:\/\/servinfo.com.uy\/wp-content\/uploads\/2021\/12\/Objetivos-768x512.jpg 768w, https:\/\/servinfo.com.uy\/wp-content\/uploads\/2021\/12\/Objetivos-720x480.jpg 720w\" sizes=\"(max-width: 800px) 100vw, 800px\" \/>\t\t\t\t\t\t\t\t\t\t\t\t\t\t\t<\/div>\n\t\t\t\t<\/div>\n\t\t\t\t\t<\/div>\n\t\t<\/div>\n\t\t\t\t<div class=\"elementor-column elementor-col-50 elementor-top-column elementor-element elementor-element-343753d ot-flex-column-vertical\" data-id=\"343753d\" data-element_type=\"column\">\n\t\t\t<div class=\"elementor-widget-wrap elementor-element-populated\">\n\t\t\t\t\t\t<div class=\"elementor-element elementor-element-cccf953 elementor-widget elementor-widget-iheading\" data-id=\"cccf953\" data-element_type=\"widget\" data-widget_type=\"iheading.default\">\n\t\t\t\t<div class=\"elementor-widget-container\">\n\t\t\t\t\t\t\t<div class=\"ot-heading\">\r\n\t        <h2 class=\"main-heading\">Objetivos<\/h2>\t    <\/div>\r\n\t    \t\t\t\t<\/div>\n\t\t\t\t<\/div>\n\t\t\t\t<div class=\"elementor-element elementor-element-aa3530a elementor-widget elementor-widget-text-editor\" data-id=\"aa3530a\" data-element_type=\"widget\" data-widget_type=\"text-editor.default\">\n\t\t\t\t<div class=\"elementor-widget-container\">\n\t\t\t\t\t\t\t\t\t<p>Proveer soluciones y servicios utilizando nuestra experiencia en tecnologi\u0301as de la informacio\u0301n, convirtie\u0301ndonos en el socio tecnolo\u0301gico de nuestros clientes. Ayudar a transformar organizaciones privadas y maximizar la eficiencia en administraciones pu\u0301blicas.<\/p><p>Hacer evolucionar la mejor solucio\u0301n integral para su modelo de negocio, aprovechando al ma\u0301ximo la inversio\u0301n en tecnologi\u0301a ya existente y la capacidad de innovacio\u0301n de nuestros profesionales en continua actualizacio\u0301n.<\/p>\t\t\t\t\t\t\t\t<\/div>\n\t\t\t\t<\/div>\n\t\t\t\t\t<\/div>\n\t\t<\/div>\n\t\t\t\t\t<\/div>\n\t\t<\/section>\n\t\t\t\t<\/div>\n\t\t","protected":false},"excerpt":{"rendered":"<p>Qui\u00e9nes somos Somos una empresa de tecnologi\u0301as de la informacio\u0301n y desarrollo de soluciones integrales. Estamos comprometidos con el desarrollo sostenido de nuestros recursos humanos y con un fuerte compromiso en responsabilidad social. Contamos con ma\u0301s de 20 an\u0303os de experiencia en el mercado, brindando diversos servicios a nuestros clientes. Continuamente desarrollamos nuevas y mejores [&hellip;]<\/p>\n","protected":false},"author":1,"featured_media":0,"parent":0,"menu_order":0,"comment_status":"closed","ping_status":"closed","template":"","meta":{"footnotes":""},"class_list":["post-1579","page","type-page","status-publish","hentry"],"yoast_head":"<!-- This site is optimized with the Yoast SEO plugin v27.3 - https:\/\/yoast.com\/product\/yoast-seo-wordpress\/ -->\n<title>Sobre nosotros - Servinfo<\/title>\n<meta name=\"robots\" content=\"index, follow, max-snippet:-1, max-image-preview:large, max-video-preview:-1\" \/>\n<link rel=\"canonical\" href=\"https:\/\/servinfo.com.uy\/index.php\/sobre-nosotros\/\" \/>\n<meta property=\"og:locale\" content=\"es_ES\" \/>\n<meta property=\"og:type\" content=\"article\" \/>\n<meta property=\"og:title\" content=\"Sobre nosotros - Servinfo\" \/>\n<meta property=\"og:description\" content=\"Qui\u00e9nes somos Somos una empresa de tecnologi\u0301as de la informacio\u0301n y desarrollo de soluciones integrales. Estamos comprometidos con el desarrollo sostenido de nuestros recursos humanos y con un fuerte compromiso en responsabilidad social. Contamos con ma\u0301s de 20 an\u0303os de experiencia en el mercado, brindando diversos servicios a nuestros clientes. Continuamente desarrollamos nuevas y mejores [&hellip;]\" \/>\n<meta property=\"og:url\" content=\"https:\/\/servinfo.com.uy\/index.php\/sobre-nosotros\/\" \/>\n<meta property=\"og:site_name\" content=\"Servinfo\" \/>\n<meta property=\"article:publisher\" content=\"https:\/\/www.facebook.com\/lidefoxsa.uruguay\" \/>\n<meta property=\"article:modified_time\" content=\"2022-01-23T03:25:20+00:00\" \/>\n<meta property=\"og:image\" content=\"https:\/\/servinfo.com.uy\/wp-content\/uploads\/2021\/12\/QuienesSomos.jpg\" \/>\n<meta name=\"twitter:card\" content=\"summary_large_image\" \/>\n<meta name=\"twitter:site\" content=\"@ServinfoUruguay\" \/>\n<meta name=\"twitter:label1\" content=\"Est. reading time\" \/>\n\t<meta name=\"twitter:data1\" content=\"2 minutos\" \/>\n<script type=\"application\/ld+json\" class=\"yoast-schema-graph\">{\"@context\":\"https:\\\/\\\/schema.org\",\"@graph\":[{\"@type\":\"WebPage\",\"@id\":\"https:\\\/\\\/servinfo.com.uy\\\/index.php\\\/sobre-nosotros\\\/\",\"url\":\"https:\\\/\\\/servinfo.com.uy\\\/index.php\\\/sobre-nosotros\\\/\",\"name\":\"Sobre nosotros - Servinfo\",\"isPartOf\":{\"@id\":\"https:\\\/\\\/servinfo.com.uy\\\/#website\"},\"primaryImageOfPage\":{\"@id\":\"https:\\\/\\\/servinfo.com.uy\\\/index.php\\\/sobre-nosotros\\\/#primaryimage\"},\"image\":{\"@id\":\"https:\\\/\\\/servinfo.com.uy\\\/index.php\\\/sobre-nosotros\\\/#primaryimage\"},\"thumbnailUrl\":\"https:\\\/\\\/servinfo.com.uy\\\/wp-content\\\/uploads\\\/2021\\\/12\\\/QuienesSomos.jpg\",\"datePublished\":\"2020-01-09T04:10:53+00:00\",\"dateModified\":\"2022-01-23T03:25:20+00:00\",\"breadcrumb\":{\"@id\":\"https:\\\/\\\/servinfo.com.uy\\\/index.php\\\/sobre-nosotros\\\/#breadcrumb\"},\"inLanguage\":\"es-UY\",\"potentialAction\":[{\"@type\":\"ReadAction\",\"target\":[\"https:\\\/\\\/servinfo.com.uy\\\/index.php\\\/sobre-nosotros\\\/\"]}]},{\"@type\":\"ImageObject\",\"inLanguage\":\"es-UY\",\"@id\":\"https:\\\/\\\/servinfo.com.uy\\\/index.php\\\/sobre-nosotros\\\/#primaryimage\",\"url\":\"https:\\\/\\\/servinfo.com.uy\\\/wp-content\\\/uploads\\\/2021\\\/12\\\/QuienesSomos.jpg\",\"contentUrl\":\"https:\\\/\\\/servinfo.com.uy\\\/wp-content\\\/uploads\\\/2021\\\/12\\\/QuienesSomos.jpg\",\"width\":800,\"height\":509},{\"@type\":\"BreadcrumbList\",\"@id\":\"https:\\\/\\\/servinfo.com.uy\\\/index.php\\\/sobre-nosotros\\\/#breadcrumb\",\"itemListElement\":[{\"@type\":\"ListItem\",\"position\":1,\"name\":\"Home\",\"item\":\"https:\\\/\\\/servinfo.com.uy\\\/\"},{\"@type\":\"ListItem\",\"position\":2,\"name\":\"Sobre nosotros\"}]},{\"@type\":\"WebSite\",\"@id\":\"https:\\\/\\\/servinfo.com.uy\\\/#website\",\"url\":\"https:\\\/\\\/servinfo.com.uy\\\/\",\"name\":\"Servinfo\",\"description\":\"Soluciones Tecnol\u00f3gicas\",\"publisher\":{\"@id\":\"https:\\\/\\\/servinfo.com.uy\\\/#organization\"},\"potentialAction\":[{\"@type\":\"SearchAction\",\"target\":{\"@type\":\"EntryPoint\",\"urlTemplate\":\"https:\\\/\\\/servinfo.com.uy\\\/?s={search_term_string}\"},\"query-input\":{\"@type\":\"PropertyValueSpecification\",\"valueRequired\":true,\"valueName\":\"search_term_string\"}}],\"inLanguage\":\"es-UY\"},{\"@type\":\"Organization\",\"@id\":\"https:\\\/\\\/servinfo.com.uy\\\/#organization\",\"name\":\"Servinfo Soluciones Tecnol\u00f3gicas\",\"url\":\"https:\\\/\\\/servinfo.com.uy\\\/\",\"logo\":{\"@type\":\"ImageObject\",\"inLanguage\":\"es-UY\",\"@id\":\"https:\\\/\\\/servinfo.com.uy\\\/#\\\/schema\\\/logo\\\/image\\\/\",\"url\":\"https:\\\/\\\/servinfo.com.uy\\\/wp-content\\\/uploads\\\/2020\\\/09\\\/Artboard-2.png\",\"contentUrl\":\"https:\\\/\\\/servinfo.com.uy\\\/wp-content\\\/uploads\\\/2020\\\/09\\\/Artboard-2.png\",\"width\":615,\"height\":169,\"caption\":\"Servinfo Soluciones Tecnol\u00f3gicas\"},\"image\":{\"@id\":\"https:\\\/\\\/servinfo.com.uy\\\/#\\\/schema\\\/logo\\\/image\\\/\"},\"sameAs\":[\"https:\\\/\\\/www.facebook.com\\\/lidefoxsa.uruguay\",\"https:\\\/\\\/x.com\\\/ServinfoUruguay\",\"https:\\\/\\\/www.instagram.com\\\/servinfouruguay\\\/?hl=en\",\"https:\\\/\\\/uy.linkedin.com\\\/company\\\/servinfo\"]}]}<\/script>\n<!-- \/ Yoast SEO plugin. -->","yoast_head_json":{"title":"Sobre nosotros - Servinfo","robots":{"index":"index","follow":"follow","max-snippet":"max-snippet:-1","max-image-preview":"max-image-preview:large","max-video-preview":"max-video-preview:-1"},"canonical":"https:\/\/servinfo.com.uy\/index.php\/sobre-nosotros\/","og_locale":"es_ES","og_type":"article","og_title":"Sobre nosotros - Servinfo","og_description":"Qui\u00e9nes somos Somos una empresa de tecnologi\u0301as de la informacio\u0301n y desarrollo de soluciones integrales. Estamos comprometidos con el desarrollo sostenido de nuestros recursos humanos y con un fuerte compromiso en responsabilidad social. Contamos con ma\u0301s de 20 an\u0303os de experiencia en el mercado, brindando diversos servicios a nuestros clientes. Continuamente desarrollamos nuevas y mejores [&hellip;]","og_url":"https:\/\/servinfo.com.uy\/index.php\/sobre-nosotros\/","og_site_name":"Servinfo","article_publisher":"https:\/\/www.facebook.com\/lidefoxsa.uruguay","article_modified_time":"2022-01-23T03:25:20+00:00","og_image":[{"url":"https:\/\/servinfo.com.uy\/wp-content\/uploads\/2021\/12\/QuienesSomos.jpg","type":"","width":"","height":""}],"twitter_card":"summary_large_image","twitter_site":"@ServinfoUruguay","twitter_misc":{"Est. reading time":"2 minutos"},"schema":{"@context":"https:\/\/schema.org","@graph":[{"@type":"WebPage","@id":"https:\/\/servinfo.com.uy\/index.php\/sobre-nosotros\/","url":"https:\/\/servinfo.com.uy\/index.php\/sobre-nosotros\/","name":"Sobre nosotros - Servinfo","isPartOf":{"@id":"https:\/\/servinfo.com.uy\/#website"},"primaryImageOfPage":{"@id":"https:\/\/servinfo.com.uy\/index.php\/sobre-nosotros\/#primaryimage"},"image":{"@id":"https:\/\/servinfo.com.uy\/index.php\/sobre-nosotros\/#primaryimage"},"thumbnailUrl":"https:\/\/servinfo.com.uy\/wp-content\/uploads\/2021\/12\/QuienesSomos.jpg","datePublished":"2020-01-09T04:10:53+00:00","dateModified":"2022-01-23T03:25:20+00:00","breadcrumb":{"@id":"https:\/\/servinfo.com.uy\/index.php\/sobre-nosotros\/#breadcrumb"},"inLanguage":"es-UY","potentialAction":[{"@type":"ReadAction","target":["https:\/\/servinfo.com.uy\/index.php\/sobre-nosotros\/"]}]},{"@type":"ImageObject","inLanguage":"es-UY","@id":"https:\/\/servinfo.com.uy\/index.php\/sobre-nosotros\/#primaryimage","url":"https:\/\/servinfo.com.uy\/wp-content\/uploads\/2021\/12\/QuienesSomos.jpg","contentUrl":"https:\/\/servinfo.com.uy\/wp-content\/uploads\/2021\/12\/QuienesSomos.jpg","width":800,"height":509},{"@type":"BreadcrumbList","@id":"https:\/\/servinfo.com.uy\/index.php\/sobre-nosotros\/#breadcrumb","itemListElement":[{"@type":"ListItem","position":1,"name":"Home","item":"https:\/\/servinfo.com.uy\/"},{"@type":"ListItem","position":2,"name":"Sobre nosotros"}]},{"@type":"WebSite","@id":"https:\/\/servinfo.com.uy\/#website","url":"https:\/\/servinfo.com.uy\/","name":"Servinfo","description":"Soluciones Tecnol\u00f3gicas","publisher":{"@id":"https:\/\/servinfo.com.uy\/#organization"},"potentialAction":[{"@type":"SearchAction","target":{"@type":"EntryPoint","urlTemplate":"https:\/\/servinfo.com.uy\/?s={search_term_string}"},"query-input":{"@type":"PropertyValueSpecification","valueRequired":true,"valueName":"search_term_string"}}],"inLanguage":"es-UY"},{"@type":"Organization","@id":"https:\/\/servinfo.com.uy\/#organization","name":"Servinfo Soluciones Tecnol\u00f3gicas","url":"https:\/\/servinfo.com.uy\/","logo":{"@type":"ImageObject","inLanguage":"es-UY","@id":"https:\/\/servinfo.com.uy\/#\/schema\/logo\/image\/","url":"https:\/\/servinfo.com.uy\/wp-content\/uploads\/2020\/09\/Artboard-2.png","contentUrl":"https:\/\/servinfo.com.uy\/wp-content\/uploads\/2020\/09\/Artboard-2.png","width":615,"height":169,"caption":"Servinfo Soluciones Tecnol\u00f3gicas"},"image":{"@id":"https:\/\/servinfo.com.uy\/#\/schema\/logo\/image\/"},"sameAs":["https:\/\/www.facebook.com\/lidefoxsa.uruguay","https:\/\/x.com\/ServinfoUruguay","https:\/\/www.instagram.com\/servinfouruguay\/?hl=en","https:\/\/uy.linkedin.com\/company\/servinfo"]}]}},"_links":{"self":[{"href":"https:\/\/servinfo.com.uy\/index.php\/wp-json\/wp\/v2\/pages\/1579","targetHints":{"allow":["GET"]}}],"collection":[{"href":"https:\/\/servinfo.com.uy\/index.php\/wp-json\/wp\/v2\/pages"}],"about":[{"href":"https:\/\/servinfo.com.uy\/index.php\/wp-json\/wp\/v2\/types\/page"}],"author":[{"embeddable":true,"href":"https:\/\/servinfo.com.uy\/index.php\/wp-json\/wp\/v2\/users\/1"}],"replies":[{"embeddable":true,"href":"https:\/\/servinfo.com.uy\/index.php\/wp-json\/wp\/v2\/comments?post=1579"}],"version-history":[{"count":71,"href":"https:\/\/servinfo.com.uy\/index.php\/wp-json\/wp\/v2\/pages\/1579\/revisions"}],"predecessor-version":[{"id":5821,"href":"https:\/\/servinfo.com.uy\/index.php\/wp-json\/wp\/v2\/pages\/1579\/revisions\/5821"}],"wp:attachment":[{"href":"https:\/\/servinfo.com.uy\/index.php\/wp-json\/wp\/v2\/media?parent=1579"}],"curies":[{"name":"wp","href":"https:\/\/api.w.org\/{rel}","templated":true}]}}